{"id":9,"date":"2020-12-07T10:55:49","date_gmt":"2020-12-07T10:55:49","guid":{"rendered":"https:\/\/tsts.it\/?page_id=9"},"modified":"2025-10-16T11:02:28","modified_gmt":"2025-10-16T09:02:28","slug":"cookie-policy","status":"publish","type":"page","link":"https:\/\/limousineuara.com\/it\/cookie-policy\/","title":{"rendered":"Cookie Policy"},"content":{"rendered":"  <div id=\"page-header-169935502\" class=\"page-header-wrapper\">\n  <div class=\"page-title dark featured-title\">\n\n    \n    <div class=\"page-title-inner container align-center flex-row medium-flex-wrap\" >\n              <div class=\"title-wrapper flex-col text-left medium-text-center\">\n          <h1 class=\"entry-title mb-0\">\n            Cookie Policy          <\/h1>\n        <\/div>\n                    <div class=\"title-content flex-col flex-right text-right medium-text-center\">\n        <div class=\"title-breadcrumbs pb-half pt-half\"><\/div>      <\/div>\n    <\/div>\n\n     \n<style>\n#page-header-169935502 {\n  margin-bottom: 30px;\n}\n<\/style>\n  <\/div>\n    <\/div>\n  \n<div class=\"row\"  id=\"row-1974980957\">\n\n\t<div id=\"col-1282899179\" class=\"col small-12 large-12\"  >\n\t\t\t\t<div class=\"col-inner\"  >\n\t\t\t\n\t\t\t\n<h2>Informazioni su questa Cookie Policy<\/h2>\n<p>Ai sensi della vigente normativa italiana in materia di protezione dei dati personali (<a href=\"https:\/\/www.normattiva.it\/atto\/caricaDettaglioAtto?atto.dataPubblicazioneGazzetta=2003-07-29&amp;atto.codiceRedazionale=003G0218&amp;atto.articolo.numero=0&amp;atto.articolo.sottoArticolo=1&amp;atto.articolo.sottoArticolo1=10&amp;qId=89f19771-3f61-45fa-a596-cb18b5cc5cc0&amp;tabID=0.4304838867762446&amp;title=lbl.dettaglioAtto\" target=\"_blank\" rel=\"noopener nofollow\">art. 122 del D. Lgs. 196\/2003<\/a>), del Regolamento Ue 2016\/679 (art. 4 punto 11, art. 6, 7, 12, 13, 22, 25 e 30), delle Linee Guida 05\/2020 sul consenso ai sensi del regolamento UE 2016\/679 adottate il <a href=\"https:\/\/edpb.europa.eu\/sites\/default\/files\/files\/file1\/edpb_guidelines_202005_consent_it.pdf\" target=\"_blank\" rel=\"noopener nofollow\"><strong>4 maggio 2020<\/strong><\/a> e del Provvedimento del Garante per la protezione dei dati personali n. 229\/2014, cos\u00ec come aggiornato e integrato alla luce delle Linee guida sull\u2019utilizzo di cookie e di altri strumenti di tracciamento del <a href=\"https:\/\/www.garanteprivacy.it\/documents\/10160\/0\/LINEE+GUIDA+COOKIE+E+ALTRI+STRUMENTI+DI+TRACCIAMENTO+-+SCHEDA+DI+SINTESI.pdf\/8d97e88f-2213-5e5f-97fe-805eaeb41af3?version=3.0\" target=\"_blank\" rel=\"noopener nofollow\"><strong>10 giugno 2021<\/strong><\/a>, si rilascia la seguente policy.<\/p>\n<p><strong>Titolare del trattamento e Responsabile della protezione dei dati<br \/><\/strong>Per sapere il Titolare del trattamento e il responsabile della protezione dei dati <strong><a title=\"privacy policy\" href=\"https:\/\/limousineuara.com\/it\/privacy-policy\/\" target=\"_blank\" rel=\"noopener\">CLICCA QUI<\/a><\/strong><\/p>\n<h2>Cosa sono i cookie?<\/h2>\n<p>I cookie sono piccoli file di testo che vengono utilizzati per memorizzare piccole informazioni. I cookie vengono memorizzati sul tuo dispositivo quando il sito web viene caricato sul tuo browser. Questi cookie ci aiutano a far funzionare correttamente il sito web, a rendere il sito pi\u00f9 sicuro, a fornire una migliore esperienza utente, a capire come funziona il sito Web e ad analizzare ci\u00f2 che funziona e cosa ha bisogno di miglioramenti.<\/p>\n<h2>Quali tipi di cookie esistono?<\/h2>\n<p>In base alla loro durata, i cookie si possono distinguere in: cookie di sessione, salvati solo temporaneamente durante la navigazione e cancellati dal dispositivo dell\u2019utente alla chiusura del browser; cookie persistenti salvati sul pc\/device dell\u2019utente, non cancellati alla chiusura del browser rimangono attivi anche dopo la chiusura dello stesso per un determinato periodo di tempo.<\/p>\n<p>A seconda della loro funzione i cookie possono essere distinti in: cookie tecnici, funzionali alla corretta ed efficace fruizione del sito web e delle sue componenti; cookie analitici, volti a monitorare ed analizzare la navigazione degli utenti all\u2019interno del sito; cookie di profilazione, volti a creare profili relativi all\u2019utente, in genere utilizzati al fine di inviare messaggi pubblicitari in linea con le preferenze manifestate dallo stesso nell\u2019ambito della navigazione in rete.<\/p>\n<p>Infine, in base alla provenienza i cookie si distinguono in: cookie di prima parte, installati dal sito web che state consultando e utilizzabili soltanto da quel sito web; in cookie di terze parti, installati e utilizzati da un\u2019organizzazione diversa da quella titolare del sito web che state consultando.<\/p>\n<h2>Principali cookie utilizzati in questo sito<\/h2>\n<p>Nella tabella seguente potrai trovare una lista dei cookie di profilazione e cookie di terzi che vengono utilizzati nel sito. Data la loro natura, in questa lista non sono presenti i cookie tecnici strettamente legati all\u2019utilizzo del sito.<\/p>\n[cookie_audit_category]\n<h2>Come posso controllare le preferenze dei cookie?<\/h2>\n<p><strong>Abilitazione\/disabilitazione di cookie tramite il browser<\/strong><\/p>\n<p>Esistono diversi modi per gestire i cookie e altre tecnologie di tracciabilit\u00e0. Modificando le impostazioni del browser, pu\u00f2 accettare o rifiutare i cookie o decidere di ricevere un messaggio di avviso prima di accettare un cookie dai siti Web visitati. Ti ricordiamo che disabilitando completamente i cookie nel browser potresti non essere in grado di utilizzare tutte le nostre funzionalit\u00e0 interattive. Se utilizzi pi\u00f9 computer in postazioni diverse, assicurati che ogni browser sia impostato in modo da soddisfare le tue preferenze.<\/p>\n<p>Puoi eliminare tutti i cookie installati nella cartella dei cookie del tuo browser. Ciascun browser presenta procedure diverse per la gestione delle impostazioni. Qui di seguito si riportano i link alle istruzioni predisposte dai browser pi\u00f9 diffusi per la gestione delle scelte relative ai cookie:<\/p>\n<ul>\n<li><strong>Google Chrome<\/strong><\/li>\n<\/ul>\n<p>Per le istruzioni su come <u>eliminare<\/u> i cookie fare click <strong><a href=\"https:\/\/support.google.com\/chrome\/answer\/95647?co=GENIE.Platform%3DDesktop&amp;hl=it\" target=\"_blank\" rel=\"noopener nofollow\">QUI<\/a><br \/><\/strong>Per le istruzioni su come <u>disabilitare<\/u> i cookie fare click <a href=\"https:\/\/support.google.com\/accounts\/answer\/61416?co=GENIE.Platform%3DDesktop&amp;hl=it\" target=\"_blank\" rel=\"noopener nofollow\"><strong>QUI<\/strong><\/a><\/p>\n<ul>\n<li><strong>Microsoft Edge<\/strong><\/li>\n<\/ul>\n<p>Per le istruzioni su come <u>eliminare<\/u> i cookie fare click <a href=\"https:\/\/support.microsoft.com\/it-it\/help\/4027947\/windows-delete-cookies\" target=\"_blank\" rel=\"noopener nofollow\"><strong>QUI<\/strong><\/a><br \/>Per le istruzioni su come <u>disabilitare<\/u> i cookie fare click <a href=\"https:\/\/privacy.microsoft.com\/it-it\/windows-10-microsoft-edge-and-privacy\" target=\"_blank\" rel=\"noopener nofollow\"><strong>QUI<\/strong><\/a><\/p>\n<ul>\n<li><strong>Microsoft Internet Explorer<\/strong><\/li>\n<\/ul>\n<p>Per le istruzioni su come <u>eliminare<\/u> i cookie fare click <a href=\"https:\/\/support.microsoft.com\/it-it\/help\/278835\/how-to-delete-cookie-files-in-internet-explorer\" target=\"_blank\" rel=\"noopener nofollow\"><strong>QUI<\/strong><\/a><br \/>Per le istruzioni su come <u>disabilitare<\/u> i cookie fare click <a href=\"https:\/\/support.microsoft.com\/it-it\/help\/17442\/windows-internet-explorer-delete-manage-cookies\" target=\"_blank\" rel=\"noopener nofollow\"><strong>QUI<\/strong><\/a><\/p>\n<ul>\n<li><strong>Mozilla Firefox<\/strong><\/li>\n<\/ul>\n<p>Per le istruzioni su come <u>eliminare<\/u> i cookie fare click <a href=\"https:\/\/support.mozilla.org\/it\/kb\/Eliminare%20i%20cookie\" target=\"_blank\" rel=\"noopener nofollow\"><strong>QUI<\/strong><\/a><br \/>Per le istruzioni su come <u>disabilitare<\/u> i cookie fare click <a href=\"https:\/\/support.mozilla.org\/it\/kb\/Bloccare%20i%20cookie\" target=\"_blank\" rel=\"noopener nofollow\"><strong>QUI<\/strong><\/a><\/p>\n<ul>\n<li><strong>Opera<\/strong><\/li>\n<\/ul>\n<p>Per le istruzioni su come <u>eliminare<\/u> o <u>disabilitare<\/u> i cookie fare clic <a href=\"https:\/\/www.opera.com\/help\/tutorials\/security\/privacy\/\" target=\"_blank\" rel=\"noopener nofollow\"><strong>QUI<\/strong><\/a><\/p>\n<ul>\n<li><strong>Safari per MacOS<\/strong><\/li>\n<\/ul>\n<p>Per le istruzioni su come <u>eliminare<\/u> o <u>disabilitare<\/u> i cookie fare clic <a href=\"https:\/\/support.apple.com\/it-it\/guide\/safari\/sfri11471\/mac\" target=\"_blank\" rel=\"noopener nofollow\"><strong>QUI<\/strong><\/a><\/p>\n<p>\u00c8 anche possibile attivare sui propri browser l\u2019impostazione antitracciamento. In questo modo si avr\u00e0 la garanzia che l\u2019attivit\u00e0 di navigazione non venga tracciata per qualsiasi scopo, compreso l\u2019uso di servizi di analisi, reti commerciali e piattaforme sociali.<\/p>\n<p>\u00c8 possibile trovare ulteriori informazioni riguardo ai cookies e a come gestire o disabilitare quelli di terze parti o di marketing\/retargeting al sito web <a href=\"http:\/\/www.youronlinechoices.com\/it\" target=\"_blank\" rel=\"noopener nofollow\"><strong>YourOnlineChoices<\/strong><\/a>.<\/p>\n<p>Si prega di notare che, anche in caso di esercizio del diritto di opposizione, ricever\u00e0 comunque inserzioni pubblicitarie, ma non pi\u00f9 annunci personalizzati in base ai tuoi interessi.<\/p>\n<p>Alcuni sistemi di terze parti che utilizzano cookie mettono a disposizione tools per gli utenti atti a bloccare l\u2019installazione dei propri cookie.<br \/>Qui di seguito quello messo a disposizione da Google per bloccare i cookie legati a <strong><a href=\"https:\/\/tools.google.com\/dlpage\/gaoptout?hl=it\" target=\"_blank\" rel=\"noopener nofollow\">Google Analytics<\/a><\/strong><\/p>\n<p>Se in futuro dovessi cancellare i cookie, dovrai esercitare nuovamente il diritto di opposizione. Dovrai esercitare nuovamente il diritto di opposizione anche se utilizzi un browser di navigazione diverso.<\/p>\n<p><strong>Abilitazione\/disabilitazione cookie tramite il banner informativo oppure tramite strumenti di gestione del consenso<\/strong><\/p>\n<p>Puoi manifestare il tuo consenso per l\u2019installazione dei cookie in modo semplificato nelle modalit\u00e0 indicate nel banner informativo che hai potuto vedere al primo accesso su questo sito, oppure in modo selettivo utilizzando il nostro strumento di gestione del consenso attraverso il quale potrai rifiutare selettivamente intere categorie di finalit\u00e0 per le quali i cookie vengono raccolti, oltre ovviamente a poter negare o prestare il consenso a tutti i cookie gestiti con un solo click.<\/p>\n<p>Per gestire le tue preferenze clicca su: [cookie_settings]\n<p>Il suo funzionamento \u00e8 semplice: puoi attivare o disattivare le finalit\u00e0 per le quali presti il consenso o, in alternativa, selezionare i singoli soggetti che vuoi autorizzare o ai quali vuoi impedire operare, quindi fare click sul pulsante \u201cSalva preferenze\u201d per registrare le tue scelte. Tutti i partner del Titolare si sono impegnati a rispettare le tue scelte. Potrai accedere allo strumento in qualsiasi momento attraverso questa cookie policy e, se \u00e8 la prima volta che visiti questo sito o hai cancellato recentemente i cookie installati sul tuo browser, attraverso il banner di avviso che appare in testa o in calce alla pagina che stai visitando.<\/p>\n<h2>Cookie di terze parti<\/h2>\n<p>Il sito funge anche da intermediario per cookie di terze parti (come i pulsanti per i social network), utilizzati per poter fornire ulteriori servizi e funzionalit\u00e0 ai visitatori e per semplificare l&#8217;uso del sito stesso, o per fornire pubblicit\u00e0 personalizzata. Questo sito non ha alcun controllo sui loro cookie interamente gestiti dalle terze parti e non ha accesso alle informazioni raccolte tramite detti cookie. Le informazioni sull&#8217;uso dei detti cookie e sulle finalit\u00e0 degli stessi, nonch\u00e9 sulle modalit\u00e0 per l&#8217;eventuale disabilitazione, sono fornite direttamente dalle terze parti alle pagine indicate di seguito.<\/p>\n<p>Si rammenta che generalmente il tracciamento degli utenti non comporta identificazione dello stesso, a meno che l&#8217;Utente non sia gi\u00e0 iscritto al servizio e non sia anche gi\u00e0 loggato, nel qual caso si intende che l&#8217;Utente ha gi\u00e0 espresso il suo consenso direttamente alla terza parte al momento dell&#8217;iscrizione al relativo servizio (es. Facebook).<\/p>\n<p>Il sito utilizza cookie delle seguenti terze parti.<\/p>\n<p>&#8211;<strong>\u00a0<a href=\"https:\/\/policies.google.com\/privacy?hl=it\" target=\"_blank\" rel=\"noopener nofollow\">Google\u00a0Analytics<\/a><\/strong>: \u00e8 un servizio di analisi web fornito da Google Inc. Google utilizza i Dati Personali raccolti allo scopo di tracciare ed esaminare l&#8217;utilizzo di questo Sito Web, compilare report e condividerli con gli altri servizi sviluppati da Google. Google potrebbe utilizzare i Dati Personali per contestualizzare e personalizzare gli annunci del proprio network pubblicitario. Questa integrazione di Google Analytics rende anonimo l&#8217;indirizzo IP dell&#8217;utente. L&#8217;anonimizzazione funziona abbreviando entro i confini degli stati membri dell&#8217;Unione Europea o in altri Paesi aderenti all&#8217;accordo sullo Spazio Economico Europeo l&#8217;indirizzo IP degli Utenti. Solo in casi eccezionali, l&#8217;indirizzo IP sar\u00e0 inviato ai server di Google ed abbreviato all&#8217;interno degli Stati Uniti. Dati Personali raccolti: Cookie e Dati di utilizzo. Luogo del trattamento: USA \u2013 <a href=\"https:\/\/policies.google.com\/privacy?hl=it\" target=\"_blank\" rel=\"noopener nofollow\">Privacy Policy<\/a> \u2013 Opt Out. Soggetto aderente al Privacy Shield.<\/p>\n<p><strong>Plugin Social Network<\/strong><\/p>\n<p>Il sito incorpora anche plugin e\/o bottoni al fine di consentire una facile condivisione dei contenuti sui vostri social network preferiti. Quando visiti una pagina del nostro sito web che contiene un plugin, il tuo browser si collega direttamente ai server del social network da dove \u00e8 caricato il plugin, il quale server pu\u00f2 tracciare la tua visita al nostro sito web e, se del caso, associarla al tuo account del social, in particolare se sei connesso al momento della visita o se hai recentemente navigato in uno dei siti web contenenti plugin social. Se non desideri che il social network registri i dati relativi alla tua visita sul nostro sito web, devi uscire dal tuo account del social e, probabilmente, eliminare i cookie che il social network ha installato nel tuo browser.<\/p>\n<p>Sul presente sito sono installati\u00a0plugin con funzioni di tutela avanzata della privacy degli Utenti, che non inviano cookie o accedono ai cookie presenti sul browser dell\u2019Utente all\u2019apertura della pagina ma solo dopo il click sul plugin.<\/p>\n<p>La raccolta e l\u2019uso delle informazioni da parte di tali terzi sono regolati dalle rispettive informative privacy alle quali si prega di fare riferimento.<\/p>\n<p>&#8211;\u00a0<a href=\"https:\/\/www.facebook.com\/about\/privacy\/\" target=\"_blank\" rel=\"noopener nofollow\">Facebook<\/a> Facebook Social Plugins \u00e8 un servizio di condivisione web fornito da Meta Platforms, Inc (&#8220;Facebook&#8221;). Facebook utilizza i Dati Personali raccolti allo scopo di tracciare ed esaminare l&#8217;utilizzo di questa Applicazione, compilare report e condividerli con gli altri servizi sviluppati da Facebook. Facebook potrebbe utilizzare i Dati Personali per contestualizzare e personalizzare gli annunci del proprio network pubblicitario. Dati personali raccolti: Cookie e Dati di utilizzo. Luogo del trattamento: USA &#8211; <a href=\"https:\/\/www.facebook.com\/about\/privacy\/\" target=\"_blank\" rel=\"noopener nofollow\">Privacy Policy<\/a> &#8211; <a href=\"https:\/\/www.facebook.com\/policies\/cookies\/\" target=\"_blank\" rel=\"noopener nofollow\">Cookie pixel<\/a><\/p>\n<p>&#8211;\u00a0<a href=\"https:\/\/twitter.com\/privacy?lang=it\" target=\"_blank\" rel=\"noopener nofollow\">Twitter<\/a> Attraverso questo sito, Twitter, qualora presti il relativo consenso, potr\u00e0 trattare i tuoi dati personali per consentirti un&#8217;esperienza di navigazione arricchita da funzionalit\u00e0 e servizi di social network. Informativa estesa: <a href=\"https:\/\/help.twitter.com\/it\/rules-and-policies\/twitter-cookies\" target=\"_blank\" rel=\"noopener nofollow\">Privacy Policy<\/a><\/p>\n<p>&#8211;\u00a0<a href=\"https:\/\/www.linkedin.com\/legal\/privacy-policy\" target=\"_blank\" rel=\"noopener nofollow\">LinkedIn<\/a> Il pulsante e i widget sociali di LinkedIn sono servizi di interazione con il social network Linkedin, forniti da LinkedIn Corporation. Dati personali raccolti: Cookie e Dati di utilizzo. Luogo del trattamento: USA. <a href=\"https:\/\/www.linkedin.com\/legal\/privacy-policy\" target=\"_blank\" rel=\"noopener nofollow\">Privacy Policy<\/a>.<\/p>\n<p>&#8211; <a href=\"https:\/\/policies.google.com\/privacy?hl=it\" target=\"_blank\" rel=\"noopener nofollow\">Youtube<\/a>: piattaforma, di propriet\u00e0 di Google, per la condivisione di video. I cookie sono impostati all&#8217;accesso delle pagine contenente l&#8217;embed, e all&#8217;avvio del video, e non consentono l&#8217;identificazione dell&#8217;Utente a meno che non sia gi\u00e0 loggato nel profilo Google. Per i video presenti sul sito \u00e8 stata attivata l&#8217;opzione &#8220;privacy avanzata (no cookie)&#8221; che fa in modo che YouTube non memorizzi le informazioni sui visitatori a meno che non riproducano volontariamente il video. Dati raccolti: numero e comportamento degli utenti del servizio, indirizzo IP, informazioni che collegano le visite al sito all&#8217;account Google per gli utenti gi\u00e0 loggati, preferenze sulla visualizzazione dei video. Luogo di trattamento dei dati: USA. <strong><a href=\"https:\/\/policies.google.com\/privacy?hl=it\" target=\"_blank\" rel=\"noopener nofollow\">Informativa estesa<\/a><\/strong><\/p>\n<h2>Diritti dell\u2019utente che naviga il sito<\/h2>\n<p>Potrai esercitare i seguenti diritti contattando il Titolare ai recapiti di cui al punto 1 della presente policy<\/p>\n<table style=\"font-size: 18px;\">\n<thead>\n<tr>\n<td style=\"padding: 10px 0; text-align: left; color: #000000; width: 30%;\"><strong>Diritto<\/strong><\/td>\n<td style=\"padding: 10px 0; text-align: center; color: #000000;\"><strong>Descrizione<\/strong><\/td>\n<\/tr>\n<\/thead>\n<tbody>\n<tr>\n<td style=\"padding: 10px 0; text-align: left;\"><em>Diritto di revoca del consenso<br \/>(art. 13 comma II lett. A e<br \/>art. 9 comma II lett. A)<\/em><\/td>\n<td style=\"padding: 10px 0; text-align: center;\">\n<p style=\"text-align: left;\">Hai il diritto di revocare il consenso in qualsiasi momento per tutti quei trattamenti il cui presupposto di legittimit\u00e0 \u00e8 una Tua manifestazione di consenso, come indicato nella tabella delle finalit\u00e0 qui sopra descritta.<\/p>\n<p style=\"text-align: left;\"><span style=\"font-family: inherit; font-size: inherit; text-align: center;\">La revoca del consenso non pregiudica la liceit\u00e0 del trattamento precedente.<\/span><\/p>\n<\/td>\n<\/tr>\n<tr>\n<td style=\"padding: 10px 0; text-align: left;\"><em>Diritto di accesso ai dati<br \/>(art. 15)<\/em><\/td>\n<td style=\"padding: 10px 0; text-align: left;\">Potrai richiedere a) le finalit\u00e0 del trattamento; b) le categorie di dati personali in questione; c) i destinatari o le categorie di destinatari a cui i dati personali sono stati o saranno comunicati, in particolare se destinatari di paesi terzi o organizzazioni internazionali; d) quando possibile, il periodo di conservazione dei dati personali previsto oppure, se non \u00e8 possibile, i criteri utilizzati per determinare tale periodo; e) l\u2019esistenza del diritto dell\u2019interessato di chiedere al titolare del trattamento la rettifica o la cancellazione dei dati personali o la limitazione del trattamento dei dati personali che lo riguardano o di opporsi al loro trattamento; f) il diritto di proporre reclamo a un\u2019autorit\u00e0 di controllo; g) qualora i dati non siano raccolti presso l\u2019interessato, tutte le informazioni disponibili sulla loro origine; h) l\u2019esistenza di un processo decisionale automatizzato, compresa la profilazione di cui all\u2019articolo 22, paragrafi 1 e 4, e, almeno in tali casi, informazioni significative sulla logica utilizzata, nonch\u00e9 l\u2019importanza e le conseguenze previste di tale trattamento per l\u2019interessato. Hai il diritto di richiedere una copia dei dati personali oggetto di trattamento.<\/td>\n<\/tr>\n<tr>\n<td style=\"padding: 10px 0; text-align: left;\"><em>Diritto di rettifica<br \/>(art. 16)<\/em><\/td>\n<td style=\"padding: 10px 0; text-align: left;\">Hai il diritto di chiedere la rettifica dei dati personali inesatti che lo riguardano e di ottenere l\u2019integrazione dei dati personali incompleti.<\/td>\n<\/tr>\n<tr>\n<td style=\"padding: 10px 0; text-align: left;\"><em>Diritto all\u2019oblio<br \/>(art. 17)<\/em><\/td>\n<td style=\"padding: 10px 0; text-align: left;\">Hai il diritto di ottenere dal titolare del trattamento la cancellazione dei dati personali che ti riguardano se i dati personali non sono pi\u00f9 necessari rispetto alle finalit\u00e0 per le quali sono stati raccolti o altrimenti trattati, se revochi il consenso, se non sussiste alcun motivo legittimo prevalente per procedere al trattamento di profilazione, se i dati sono stati trattati illecitamente, se vi \u00e8 un obbligo legale di cancellarli; se i dati sono relativi a servizi web a minori senza consenso.<\/td>\n<\/tr>\n<tr>\n<td style=\"padding: 10px 0; text-align: left;\"><em>Diritto alla limitazione del trattamento<br \/>(art. 18)<\/em><\/td>\n<td style=\"padding: 10px 0; text-align: left;\">Hai il diritto di ottenere dal titolare del trattamento la limitazione del trattamento quando hai contestato l\u2019esattezza dei dati personali (per il periodo necessario al titolare del trattamento per verificare l\u2019esattezza di tali dati personali); se il trattamento sia illecito e chiedi invece che ne sia limitato l\u2019utilizzo; alla cancellazione dei dati personali e chiedi invece che ne sia limitato l\u2019utilizzo; se i dati le sono necessari per l\u2019accertamento, l\u2019esercizio o la difesa di un diritto in sede giudiziaria, mentre al Titolare non sono pi\u00f9 necessari; se Ti sei opposto al trattamento ai sensi dell\u2019articolo 21, paragrafo 1, in attesa della verifica in merito all\u2019eventuale prevalenza dei motivi legittimi del titolare del trattamento.<\/td>\n<\/tr>\n<tr>\n<td style=\"padding: 10px 0; text-align: left;\"><em>Diritto alla portabilit\u00e0<br \/>(art. 20)<\/em><\/td>\n<td style=\"padding: 10px 0; text-align: left;\">Hai il diritto di ricevere in un formato strutturato, di uso comune e leggibile da dispositivo automatico i dati personali che ti riguardano fornitici e hai il diritto di trasmetterli a un altro se il trattamento si sia basato sul consenso, sul contratto e se il trattamento sia effettuato con mezzi automatizzati, salvo che il trattamento necessario per l\u2019esecuzione di un compito di interesse pubblico o connesso all\u2019esercizio di pubblici poteri e che tale trasmissione non leda il diritto di terzo.<\/td>\n<\/tr>\n<tr>\n<td style=\"padding: 10px 0; text-align: left;\"><em>Diritto di opposizione<br \/>(art. 21)<\/em><\/td>\n<td style=\"padding: 10px 0; text-align: left;\">Hai il diritto di opporsi in qualsiasi momento, per motivi connessi alla tua situazione particolare, al trattamento dei dati personali che ti riguardano ai sensi dell\u2019articolo 6, paragrafo 1, lettere e) o f), compresa la profilazione sulla base di tali disposizioni. Il titolare del trattamento si astiene dal trattare ulteriormente i dati personali salvo che egli dimostri l\u2019esistenza di motivi legittimi cogenti per procedere al trattamento che prevalgono sugli interessi, sui diritti e sulle libert\u00e0 dell\u2019interessato oppure per l\u2019accertamento, l\u2019esercizio o la difesa di un diritto in sede giudiziaria.<\/td>\n<\/tr>\n<\/tbody>\n<\/table>\n\t\t<\/div>\n\t\t\t\t\t<\/div>\n\n\t\n<\/div>\n","protected":false},"excerpt":{"rendered":"","protected":false},"author":1,"featured_media":0,"parent":0,"menu_order":0,"comment_status":"closed","ping_status":"closed","template":"page-blank.php","meta":{"inline_featured_image":false,"footnotes":""},"class_list":["post-9","page","type-page","status-publish","hentry"],"_links":{"self":[{"href":"https:\/\/limousineuara.com\/it\/wp-json\/wp\/v2\/pages\/9","targetHints":{"allow":["GET"]}}],"collection":[{"href":"https:\/\/limousineuara.com\/it\/wp-json\/wp\/v2\/pages"}],"about":[{"href":"https:\/\/limousineuara.com\/it\/wp-json\/wp\/v2\/types\/page"}],"author":[{"embeddable":true,"href":"https:\/\/limousineuara.com\/it\/wp-json\/wp\/v2\/users\/1"}],"replies":[{"embeddable":true,"href":"https:\/\/limousineuara.com\/it\/wp-json\/wp\/v2\/comments?post=9"}],"version-history":[{"count":25,"href":"https:\/\/limousineuara.com\/it\/wp-json\/wp\/v2\/pages\/9\/revisions"}],"predecessor-version":[{"id":6910,"href":"https:\/\/limousineuara.com\/it\/wp-json\/wp\/v2\/pages\/9\/revisions\/6910"}],"wp:attachment":[{"href":"https:\/\/limousineuara.com\/it\/wp-json\/wp\/v2\/media?parent=9"}],"curies":[{"name":"wp","href":"https:\/\/api.w.org\/{rel}","templated":true}]}}