{"id":591,"date":"2024-04-18T10:24:18","date_gmt":"2024-04-18T08:24:18","guid":{"rendered":"https:\/\/staging.limousineuara.com\/?page_id=591"},"modified":"2024-12-19T16:09:05","modified_gmt":"2024-12-19T15:09:05","slug":"aeroporti-di-roma","status":"publish","type":"page","link":"https:\/\/limousineuara.com\/it\/aeroporti-di-roma\/","title":{"rendered":"Transfer aeroporti di Roma"},"content":{"rendered":"\n\t<section class=\"section dark\" id=\"section_1978354765\">\n\t\t<div class=\"section-bg fill\" >\n\t\t\t<img loading=\"lazy\" decoding=\"async\" width=\"980\" height=\"550\" src=\"https:\/\/limousineuara.com\/wp-content\/uploads\/Transfer-esclusivi-aeroporti-Fiumicino-Ciampino.jpg\" class=\"bg attachment-original size-original\" alt=\"\" title=\"\">\t\t\t\t\t\t<div class=\"section-bg-overlay absolute fill\"><\/div>\n\t\t\t\n\n\t\t<\/div>\n\n\t\t\n\n\t\t<div class=\"section-content relative\">\n\t\t\t\n<div class=\"row\" style=\"max-width:1400px\" id=\"row-60710943\">\n\n\t<div id=\"col-1616433320\" class=\"col medium-12 small-12 large-10\"  >\n\t\t\t\t<div class=\"col-inner text-left\"  >\n\t\t\t\n\t\t\t\n<h1><span style=\"font-size: 150%;\">Transfer esclusivi aeroporti Fiumicino-Ciampino<\/span><\/h1>\n\t\t<\/div>\n\t\t\t\t\t<\/div>\n\n\t\n<\/div>\n\t\t<\/div>\n\n\t\t\n<style>\n#section_1978354765 {\n  padding-top: 100px;\n  padding-bottom: 100px;\n}\n#section_1978354765 .section-bg-overlay {\n  background-color: rgba(0, 0, 0, 0.35);\n}\n#section_1978354765 .section-bg img {\n  object-position: 31% 61%;\n}\n@media (min-width:550px) {\n  #section_1978354765 {\n    padding-top: 100px;\n    padding-bottom: 100px;\n  }\n}\n@media (min-width:850px) {\n  #section_1978354765 {\n    padding-top: 150px;\n    padding-bottom: 150px;\n  }\n}\n<\/style>\n\t<\/section>\n\t\n\n\t<section class=\"section\" id=\"section_119830480\">\n\t\t<div class=\"section-bg fill\" >\n\t\t\t\t\t\t\t\t\t\n\t\t\t\n\n\t\t<\/div>\n\n\t\t\n\n\t\t<div class=\"section-content relative\">\n\t\t\t\n<div class=\"row align-center\"  id=\"row-1438816333\">\n\n\t<div id=\"col-1072125614\" class=\"col medium-12 small-12 large-12\"  >\n\t\t\t\t<div class=\"col-inner\" style=\"background-color:rgb(255,255,255);\" >\n\t\t\t\n\t\t\t\n\t<div id=\"text-856746425\" class=\"text\">\n\t\t\n<blockquote>\n<h2>Noleggio auto con autista aeroporti di Roma:<br \/>\nFiumicino e Ciampino<\/h2>\n<\/blockquote>\n\t\t\n<style>\n#text-856746425 {\n  color: rgb(0,0,0);\n}\n#text-856746425 > * {\n  color: rgb(0,0,0);\n}\n<\/style>\n\t<\/div>\n\t\n\t<div id=\"text-1560349376\" class=\"text\">\n\t\t\n<p><span style=\"font-weight: 400;\">Al primo posto tra i servizi della cooperativa Limousine UARA trovi l\u2019esclusivo <strong>transfer da\/per l\u2019aeroporto di Fiumicino e l\u2019aeroporto di Ciampino<\/strong>. Il servizio di <strong>noleggio auto con autista aeroporti di Roma<\/strong> pu\u00f2 essere del tutto personalizzato in base alle esigenze del viaggiatore. Il noleggio con conducente \u00e8 un <strong>servizio privato dedicato alla mobilit\u00e0 del passeggero<\/strong>. L\u2019autista a te assegnato si preoccuper\u00e0 di tutto: dall\u2019accoglienza in aeroporto, al riporre i bagagli in auto. Il nostro obiettivo \u00e8 quello di farti sentire a tuo agio, offrendo un&#8217;ampia scelta di veicoli di recente immatricolazione, puliti e dotati dei migliori comfort.<\/span> <span style=\"font-weight: 400;\">I <strong>servizi NCC da\/per gli aeroporti di Roma<\/strong> possono essere prenotati in anticipo e garantire puntualit\u00e0, privacy e relax. I trasferimenti possono essere prenotati per il singolo viaggiatore, una coppia o un gruppo, da e per qualsiasi localit\u00e0 in Italia.<\/span><br \/>\n\t\t\n<style>\n#text-1560349376 {\n  text-align: left;\n}\n<\/style>\n\t<\/div>\n\t\n<table style=\"width: 100%;\">\n<thead>\n<tr>\n<td style=\"font-size: 20px; padding: 25px;\"><span data-text-color=\"primary\"><strong>TRANSFER<\/strong><\/span><\/td>\n<td style=\"font-size: 20px; padding: 25px; text-align: center;\"><span style=\"font-size: 100%;\" data-text-color=\"primary\"><strong>Mercedes E<br \/>\n1-3 persone<\/strong><\/span><\/td>\n<td style=\"font-size: 20px; padding: 25px; text-align: center;\"><span data-text-color=\"primary\"><strong>Mercedes V<br \/>\n4-7 persone<\/strong><\/span><\/td>\n<td style=\"font-size: 20px; padding: 25px; text-align: center;\"><span data-text-color=\"primary\"><strong>Mercedes V<br \/>\n8 persone<\/strong><\/span><\/td>\n<\/tr>\n<tr>\n<td style=\"font-size: 20px; padding: 25px; text-align: left;\">Fiumicino \u2013 Roma Centro<\/td>\n<td style=\"font-size: 20px; padding: 25px; text-align: center;\">\u20ac 90,00<\/td>\n<td style=\"font-size: 20px; padding: 25px; text-align: center;\">\u20ac 120,00<\/td>\n<td style=\"font-size: 20px; padding: 25px; text-align: center;\">\u20ac 180,00<\/td>\n<\/tr>\n<tr>\n<td style=\"font-size: 20px; padding: 25px; text-align: left;\">Ciampino &#8211; Roma Centro<\/td>\n<td style=\"font-size: 20px; padding: 25px; text-align: center;\">\u20ac 80,00<\/td>\n<td style=\"font-size: 20px; padding: 25px; text-align: center;\">\u20ac 110,00<\/td>\n<td style=\"font-size: 20px; padding: 25px; text-align: center;\">\u20ac 165,00<\/td>\n<\/tr>\n<tr>\n<td style=\"font-size: 20px; padding: 25px; text-align: left;\">Fermate extra (ogni fermata)<\/td>\n<td style=\"font-size: 20px; padding: 25px; text-align: center;\">\u20ac 15,00<\/td>\n<td style=\"font-size: 20px; padding: 25px; text-align: center;\">\u20ac 20,00<\/td>\n<td style=\"font-size: 20px; padding: 25px; text-align: center;\">\u20ac 25,00<\/td>\n<\/tr>\n<\/thead>\n<\/table>\n<p>* Festivi + 20% \u2013 Servizio notturno (dalle 22.00 alle 6.30) + 20%<\/p>\n\t\t<\/div>\n\t\t\t\t\n<style>\n#col-1072125614 > .col-inner {\n  margin: 0px 0px 0px 0px;\n}\n@media (min-width:550px) {\n  #col-1072125614 > .col-inner {\n    margin: -100px 0px 0px 0px;\n  }\n}\n<\/style>\n\t<\/div>\n\n\t\n\n<style>\n#row-1438816333 > .col > .col-inner {\n  padding: 0px 0px 0px 0px;\n}\n@media (min-width:550px) {\n  #row-1438816333 > .col > .col-inner {\n    padding: 60px 60px 0px 60px;\n  }\n}\n<\/style>\n<\/div>\n\t\t<\/div>\n\n\t\t\n<style>\n#section_119830480 {\n  padding-top: 0px;\n  padding-bottom: 0px;\n}\n<\/style>\n\t<\/section>\n\t\n\n\t<section class=\"section\" id=\"section_649118236\">\n\t\t<div class=\"section-bg fill\" >\n\t\t\t\t\t\t\t\t\t<div class=\"section-bg-overlay absolute fill\"><\/div>\n\t\t\t\n\n\t\t<\/div>\n\n\t\t\n\n\t\t<div class=\"section-content relative\">\n\t\t\t\n<div class=\"row align-middle align-center\"  id=\"row-1465914048\">\n\n\t<div id=\"col-1181192719\" class=\"col medium-11 small-12 large-6\"  data-animate=\"fadeInRight\">\n\t\t\t\t<div class=\"col-inner\"  >\n\t\t\t\n\t\t\t\n\n\t<section class=\"section has-hover\" id=\"section_1822979270\">\n\t\t<div class=\"section-bg fill\" >\n\t\t\t\t\t\t\t\t\t\n\t\t\t\n\t<div class=\"is-border hover-bounce\"\n\t\tstyle=\"border-color:rgb(190, 156, 77);border-width:0px 0px 0px 50px;\">\n\t<\/div>\n\n\t\t<\/div>\n\n\t\t\n\n\t\t<div class=\"section-content relative\">\n\t\t\t\n\n  <div class=\"banner has-hover\" id=\"banner-2063687612\">\n          <div class=\"banner-inner fill\">\n        <div class=\"banner-bg fill\" >\n            <img loading=\"lazy\" decoding=\"async\" width=\"980\" height=\"550\" src=\"https:\/\/limousineuara.com\/wp-content\/uploads\/autista-privato-aeroporto-fiumicino.jpg\" class=\"bg attachment-original size-original\" alt=\"\" title=\"\">                                    \n                    <\/div>\n\t\t\n        <div class=\"banner-layers container\">\n            <div class=\"fill banner-link\"><\/div>            \n   <div id=\"text-box-1446544979\" class=\"text-box banner-layer x50 md-x50 lg-x50 y50 md-y50 lg-y50 res-text\">\n                                <div class=\"text-box-content text dark\">\n              \n              <div class=\"text-inner text-center\">\n                  \n              <\/div>\n           <\/div>\n                            \n<style>\n#text-box-1446544979 {\n  width: 60%;\n}\n#text-box-1446544979 .text-box-content {\n  font-size: 100%;\n}\n@media (min-width:550px) {\n  #text-box-1446544979 {\n    width: 60%;\n  }\n}\n<\/style>\n    <\/div>\n \n        <\/div>\n      <\/div>\n\n            \n<style>\n#banner-2063687612 {\n  padding-top: 250px;\n}\n#banner-2063687612 .banner-bg img {\n  object-position: 0% 51%;\n}\n@media (min-width:550px) {\n  #banner-2063687612 {\n    padding-top: 350px;\n  }\n}\n<\/style>\n  <\/div>\n\n\n\t\t<\/div>\n\n\t\t\n<style>\n#section_1822979270 {\n  padding-top: 30px;\n  padding-bottom: 30px;\n}\n<\/style>\n\t<\/section>\n\t\n\t\t<\/div>\n\t\t\t\t\t<\/div>\n\n\t\n\n\t<div id=\"col-1056670904\" class=\"col medium-11 small-12 large-6\"  >\n\t\t\t\t<div class=\"col-inner\"  >\n\t\t\t\n\t\t\t\n<h2 style=\"text-align: center;\"><span data-text-color=\"secondary\">Autista privato per<\/span><br \/>\n<span data-text-color=\"secondary\">l\u2019aeroporto di Fiumicino<\/span><\/h2>\n<p>Affidarsi al servizio di <strong>noleggio con autista privato per l\u2019aeroporto di Fiumicino<\/strong> \u00e8 la soluzione pi\u00f9 pratica e veloce per viaggiare a Roma. L\u2019aeroporto Leonardo Da Vinci accoglie milioni di turisti, uomini d\u2019affari e residenti che possono facilmente <strong>affidarsi alla praticit\u00e0 dei nostri trasferimenti privati<\/strong>.<\/p>\n<p>Ogni <strong>richiesta di mobilit\u00e0 \u00e8 creata su misura<\/strong> per ogni necessit\u00e0, numero di passeggeri e destinazione. <strong>La nostra cooperativa, da sempre impegnata a migliorare gli spostamenti in citt\u00e0<\/strong>, \u00e8 sul territorio da diversi anni e ha costantemente mantenuto alto il livello di professionalit\u00e0 e disponibilit\u00e0.<\/p>\n\t\t<\/div>\n\t\t\t\t\t<\/div>\n\n\t\n<\/div>\n\t\t<\/div>\n\n\t\t\n<style>\n#section_649118236 {\n  padding-top: 30px;\n  padding-bottom: 30px;\n}\n#section_649118236 .section-bg-overlay {\n  background-color: rgb(242, 242, 242);\n}\n<\/style>\n\t<\/section>\n\t\n\n\t<section class=\"section\" id=\"section_202671362\">\n\t\t<div class=\"section-bg fill\" >\n\t\t\t\t\t\t\t\t\t\n\t\t\t\n\n\t\t<\/div>\n\n\t\t\n\n\t\t<div class=\"section-content relative\">\n\t\t\t\n<div class=\"row align-middle\"  id=\"row-426634793\">\n\n\t<div id=\"col-51229220\" class=\"col medium-6 small-12 large-6\"  >\n\t\t\t\t<div class=\"col-inner\"  >\n\t\t\t\n\t\t\t\n<h2 style=\"text-align: center;\"><span data-text-color=\"secondary\">Transfer privato per<\/span><br \/>\n<span data-text-color=\"secondary\">l\u2019aeroporto di Ciampino<\/span><\/h2>\n<p>Il nostro obiettivo \u00e8 da sempre quello di <strong>garantire un servizio affidabile ed efficiente<\/strong> anche per i <strong>trasferimenti da e per l\u2019aeroporto di Ciampino<\/strong>, il secondo scalo aeroportuale della citt\u00e0 di Roma.<\/p>\n<p>Con il noleggio con conducente, lasciare o arrivare all\u2019aeroporto di Ciampino \u00e8 estremamente semplice e veloce, dista infatti circa 15 km dal centro. Inoltre, approfittando dei <strong>vantaggi del trasferimento privato<\/strong>, non dovrai pensare allo stress del traffico o del parcheggio, eviterai anche di dover usare il servizio di trasporto pubblico o della ricerca di un taxi tradizionale.<\/p>\n\t\t<\/div>\n\t\t\t\t\n<style>\n#col-51229220 > .col-inner {\n  padding: 30px 0px 0px 0px;\n}\n<\/style>\n\t<\/div>\n\n\t\n\n\t<div id=\"col-534597624\" class=\"col medium-6 small-12 large-6\"  data-animate=\"fadeInLeft\">\n\t\t\t\t<div class=\"col-inner\"  >\n\t\t\t\n\t\t\t\n\n\t<section class=\"section\" id=\"section_261234816\">\n\t\t<div class=\"section-bg fill\" >\n\t\t\t\t\t\t\t\t\t\n\t\t\t\n\t<div class=\"is-border\"\n\t\tstyle=\"border-color:rgb(190, 156, 77);border-width:0px 50px 0px 0px;\">\n\t<\/div>\n\n\t\t<\/div>\n\n\t\t\n\n\t\t<div class=\"section-content relative\">\n\t\t\t\n\n  <div class=\"banner has-hover\" id=\"banner-1541420293\">\n          <div class=\"banner-inner fill\">\n        <div class=\"banner-bg fill\" >\n            <img loading=\"lazy\" decoding=\"async\" width=\"980\" height=\"550\" src=\"https:\/\/limousineuara.com\/wp-content\/uploads\/ncc-Aeroporti-di-Roma.jpg\" class=\"bg attachment-original size-original\" alt=\"\" title=\"\">                                    \n                    <\/div>\n\t\t\n        <div class=\"banner-layers container\">\n            <div class=\"fill banner-link\"><\/div>            \n   <div id=\"text-box-1172866830\" class=\"text-box banner-layer x50 md-x50 lg-x50 y50 md-y50 lg-y50 res-text\">\n                                <div class=\"text-box-content text dark\">\n              \n              <div class=\"text-inner text-center\">\n                  \n              <\/div>\n           <\/div>\n                            \n<style>\n#text-box-1172866830 {\n  width: 60%;\n}\n#text-box-1172866830 .text-box-content {\n  font-size: 100%;\n}\n<\/style>\n    <\/div>\n \n        <\/div>\n      <\/div>\n\n            \n<style>\n#banner-1541420293 {\n  padding-top: 350px;\n}\n#banner-1541420293 .banner-bg img {\n  object-position: 41% 49%;\n}\n<\/style>\n  <\/div>\n\n\n\t\t<\/div>\n\n\t\t\n<style>\n#section_261234816 {\n  padding-top: 30px;\n  padding-bottom: 30px;\n  min-height: 400px;\n}\n<\/style>\n\t<\/section>\n\t\n\t\t<\/div>\n\t\t\t\t\t<\/div>\n\n\t\n\n\t<div id=\"col-1006133656\" class=\"col medium-11 small-12 large-12\"  >\n\t\t\t\t<div class=\"col-inner\"  >\n\t\t\t\n\t\t\t\n<p class=\"alt-font\" style=\"text-align: center;\"><span style=\"font-size: 140%;\">Scegli il veicolo che soddisfa le tue esigenze:<br \/>\nauto fino a 3 passeggeri, van fino a 7 passeggeri e minivan fino a 8 passeggeri.<\/span><\/p>\n\t\t<\/div>\n\t\t\t\t\t<\/div>\n\n\t\n<\/div>\n\t\t<\/div>\n\n\t\t\n<style>\n#section_202671362 {\n  padding-top: 30px;\n  padding-bottom: 30px;\n}\n<\/style>\n\t<\/section>\n\t\n\n  <div class=\"banner has-hover has-parallax\" id=\"banner-1486054454\">\n          <div class=\"banner-inner fill\">\n        <div class=\"banner-bg fill\" data-parallax=\"-8\" data-parallax-container=\".banner\" data-parallax-background>\n            <img loading=\"lazy\" decoding=\"async\" width=\"1920\" height=\"1080\" src=\"https:\/\/limousineuara.com\/wp-content\/uploads\/background-banner-CTA-limousine-uara.jpg\" class=\"bg attachment-original size-original\" alt=\"\" title=\"\">                        <div class=\"overlay\"><\/div>            \n                    <\/div>\n\t\t\n        <div class=\"banner-layers container\">\n            <div class=\"fill banner-link\"><\/div>            \n\n   <div id=\"text-box-1185270035\" class=\"text-box banner-layer x50 md-x50 lg-x50 y50 md-y50 lg-y50 res-text\">\n                     <div data-animate=\"fadeInRight\">           <div class=\"text-box-content text dark\">\n              \n              <div class=\"text-inner text-center\">\n                  \n\n\t<div id=\"text-399714648\" class=\"text\">\n\t\t\n\n<p>Prenota un viaggio comodo e lussuoso con i servizi transfer di Limousine UARA, la tua agenzia di Noleggio Con Conducente di Roma.<\/p>\n\t\t\n<style>\n#text-399714648 {\n  font-size: 1rem;\n}\n@media (min-width:550px) {\n  #text-399714648 {\n    font-size: 1.5rem;\n  }\n}\n@media (min-width:850px) {\n  #text-399714648 {\n    font-size: 1.75rem;\n  }\n}\n<\/style>\n\t<\/div>\n\t\n<a href=\"https:\/\/limousineuara.com\/it\/booking\/\" class=\"button primary\" style=\"border-radius:10px;\">\n\t\t<span>Booking<\/span>\n\t<\/a>\n\n\n<a href=\"https:\/\/wa.me\/393292729210\" class=\"button success\" style=\"border-radius:10px;\" rel=\"nofollow noopener\" target=\"_blank\">\n\t\t<span>Whatsapp<\/span>\n\t<\/a>\n\n\n\n              <\/div>\n           <\/div>\n       <\/div>                     \n<style>\n#text-box-1185270035 {\n  width: 89%;\n}\n#text-box-1185270035 .text-box-content {\n  font-size: 158%;\n}\n@media (min-width:550px) {\n  #text-box-1185270035 {\n    width: 92%;\n  }\n  #text-box-1185270035 .text-box-content {\n    font-size: 100%;\n  }\n}\n@media (min-width:850px) {\n  #text-box-1185270035 {\n    width: 85%;\n  }\n}\n<\/style>\n    <\/div>\n \n\n        <\/div>\n      <\/div>\n\n            \n<style>\n#banner-1486054454 {\n  padding-top: 370px;\n}\n#banner-1486054454 .overlay {\n  background-color: rgba(0,0,0,.5);\n}\n#banner-1486054454 .banner-bg img {\n  object-position: 53% 66%;\n}\n@media (min-width:550px) {\n  #banner-1486054454 {\n    padding-top: 350px;\n  }\n}\n@media (min-width:850px) {\n  #banner-1486054454 {\n    padding-top: 450px;\n  }\n}\n<\/style>\n  <\/div>\n\n\n","protected":false},"excerpt":{"rendered":"","protected":false},"author":2,"featured_media":0,"parent":0,"menu_order":0,"comment_status":"closed","ping_status":"closed","template":"page-blank.php","meta":{"inline_featured_image":false,"footnotes":""},"class_list":["post-591","page","type-page","status-publish","hentry"],"_links":{"self":[{"href":"https:\/\/limousineuara.com\/it\/wp-json\/wp\/v2\/pages\/591","targetHints":{"allow":["GET"]}}],"collection":[{"href":"https:\/\/limousineuara.com\/it\/wp-json\/wp\/v2\/pages"}],"about":[{"href":"https:\/\/limousineuara.com\/it\/wp-json\/wp\/v2\/types\/page"}],"author":[{"embeddable":true,"href":"https:\/\/limousineuara.com\/it\/wp-json\/wp\/v2\/users\/2"}],"replies":[{"embeddable":true,"href":"https:\/\/limousineuara.com\/it\/wp-json\/wp\/v2\/comments?post=591"}],"version-history":[{"count":38,"href":"https:\/\/limousineuara.com\/it\/wp-json\/wp\/v2\/pages\/591\/revisions"}],"predecessor-version":[{"id":2910,"href":"https:\/\/limousineuara.com\/it\/wp-json\/wp\/v2\/pages\/591\/revisions\/2910"}],"wp:attachment":[{"href":"https:\/\/limousineuara.com\/it\/wp-json\/wp\/v2\/media?parent=591"}],"curies":[{"name":"wp","href":"https:\/\/api.w.org\/{rel}","templated":true}]}}