{"id":485,"date":"2024-04-16T12:54:44","date_gmt":"2024-04-16T10:54:44","guid":{"rendered":"https:\/\/staging.limousineuara.com\/?page_id=485"},"modified":"2024-06-27T09:40:12","modified_gmt":"2024-06-27T07:40:12","slug":"disposizioni-orarie","status":"publish","type":"page","link":"https:\/\/limousineuara.com\/it\/disposizioni-orarie\/","title":{"rendered":"Disposizioni orarie"},"content":{"rendered":"\n\t<section class=\"section dark\" id=\"section_493236630\">\n\t\t<div class=\"section-bg fill\" >\n\t\t\t<img loading=\"lazy\" decoding=\"async\" width=\"1920\" height=\"550\" src=\"https:\/\/limousineuara.com\/wp-content\/uploads\/Agenzia-di-Noleggio-Con-Conducente-a-Roma.jpg\" class=\"bg attachment-original size-original\" alt=\"\" title=\"\">\t\t\t\t\t\t<div class=\"section-bg-overlay absolute fill\"><\/div>\n\t\t\t\n\n\t\t<\/div>\n\n\t\t\n\n\t\t<div class=\"section-content relative\">\n\t\t\t\n<div class=\"row\" style=\"max-width:1400px\" id=\"row-1179404448\">\n\n\t<div id=\"col-1791889954\" class=\"col medium-12 small-12 large-10\"  >\n\t\t\t\t<div class=\"col-inner text-left\"  >\n\t\t\t\n\t\t\t\n<h1><span style=\"font-size: 150%;\">Disposizioni orarie NCC Roma<\/span><\/h1>\n\t\t<\/div>\n\t\t\t\t\t<\/div>\n\n\t\n<\/div>\n\t\t<\/div>\n\n\t\t\n<style>\n#section_493236630 {\n  padding-top: 100px;\n  padding-bottom: 100px;\n}\n#section_493236630 .section-bg-overlay {\n  background-color: rgba(0, 0, 0, 0.35);\n}\n#section_493236630 .section-bg img {\n  object-position: 29% 46%;\n}\n@media (min-width:550px) {\n  #section_493236630 {\n    padding-top: 100px;\n    padding-bottom: 100px;\n  }\n}\n@media (min-width:850px) {\n  #section_493236630 {\n    padding-top: 150px;\n    padding-bottom: 150px;\n  }\n}\n<\/style>\n\t<\/section>\n\t\n\n\t<section class=\"section\" id=\"section_850680807\">\n\t\t<div class=\"section-bg fill\" >\n\t\t\t\t\t\t\t\t\t\n\t\t\t\n\n\t\t<\/div>\n\n\t\t\n\n\t\t<div class=\"section-content relative\">\n\t\t\t\n<div class=\"row align-center\"  id=\"row-1312386803\">\n\n\t<div id=\"col-2115581976\" class=\"col medium-12 small-12 large-12\"  >\n\t\t\t\t<div class=\"col-inner\" style=\"background-color:rgb(255,255,255);\" >\n\t\t\t\n\t\t\t\n\t<div id=\"text-220194418\" class=\"text\">\n\t\t\n<blockquote>\n<h2>Autista privato a disposizione a fasce orarie concordate per i tuoi trasferimenti a Roma e sul territorio italiano<\/h2>\n<\/blockquote>\n\t\t\n<style>\n#text-220194418 {\n  color: rgb(0,0,0);\n}\n#text-220194418 > * {\n  color: rgb(0,0,0);\n}\n<\/style>\n\t<\/div>\n\t\n\t<div id=\"text-1502371570\" class=\"text\">\n\t\t\n<p>Limousine UARA offre servizi di noleggio auto con autisti privati, a completa disposizione per trasferimenti a bordo di comode e sicure auto di lusso. Il servizio proposto \u00e8 su base oraria (minimo 3 ore) e prevede tutti gli spostamenti in citt\u00e0 con inclusi un massimo di 100 km di percorrenza. Con questa tipologia di transfer, il tuo driver avr\u00e0 il compito di portanti nelle diverse destinazioni scelte in fase di prenotazione, attendendoti in auto quando sarai impegnato con i tuoi appuntamenti. Tra i tanti vantaggi del servizio di Noleggio Con Conducente c\u2019\u00e8 quello di poter utilizzare le corsie preferenziali e l\u2019accesso alle aree a traffico limitato, oltre ad avere la certezza di arrivare a ogni appuntamento in perfetto orario.<\/p>\n<p>Il servizio di disposizione oraria con autista NCC pu\u00f2 essere richiesto da uomini o donne d\u2019affari che hanno un\u2019agenda piena di impegni in diversi luoghi della citt\u00e0, ma pu\u00f2 essere richiesto anche per gli amanti dello shopping. Con questa tipologia di trasferimento non avrai problemi per la ricerca di un parcheggio, sarai libero dallo stress del traffico e non dovrai affidarti al deludente servizio di mobilit\u00e0 urbana.<\/p>\n\t\t\n<style>\n#text-1502371570 {\n  text-align: left;\n}\n<\/style>\n\t<\/div>\n\t\n\t\t<\/div>\n\t\t\t\t\n<style>\n#col-2115581976 > .col-inner {\n  margin: 0px 0px 0px 0px;\n}\n@media (min-width:550px) {\n  #col-2115581976 > .col-inner {\n    margin: -100px 0px 0px 0px;\n  }\n}\n<\/style>\n\t<\/div>\n\n\t\n\n<style>\n#row-1312386803 > .col > .col-inner {\n  padding: 0px 0px 0px 0px;\n}\n@media (min-width:550px) {\n  #row-1312386803 > .col > .col-inner {\n    padding: 60px 60px 0px 60px;\n  }\n}\n<\/style>\n<\/div>\n\t\t<\/div>\n\n\t\t\n<style>\n#section_850680807 {\n  padding-top: 0px;\n  padding-bottom: 0px;\n}\n<\/style>\n\t<\/section>\n\t\n\n  \n    <div class=\"row large-columns-3 medium-columns-1 small-columns-1 row-full-width\" >\n  <div class=\"col post-item\" >\n\t\t\t<div class=\"col-inner\">\n\t\t\t\t<div class=\"box box-push box-text-bottom box-blog-post has-hover\">\n            \t\t\t\t\t<div class=\"box-image\" >\n  \t\t\t\t\t\t<div class=\"image-cover\" style=\"padding-top:56.25%;\">\n\t\t\t\t\t\t\t<a href=\"https:\/\/limousineuara.com\/it\/shopping-tour-roma\/\" class=\"plain\" aria-label=\"Shopping tour Roma\">\n\t\t\t\t\t\t\t\t<img loading=\"lazy\" decoding=\"async\" width=\"980\" height=\"550\" src=\"https:\/\/limousineuara.com\/wp-content\/uploads\/Rome-Shopping-Tour.jpg\" class=\"attachment-original size-original wp-post-image\" alt=\"\" srcset=\"https:\/\/limousineuara.com\/wp-content\/uploads\/Rome-Shopping-Tour.jpg 980w, https:\/\/limousineuara.com\/wp-content\/uploads\/Rome-Shopping-Tour-300x168.jpg 300w, https:\/\/limousineuara.com\/wp-content\/uploads\/Rome-Shopping-Tour-768x431.jpg 768w\" sizes=\"auto, (max-width: 980px) 100vw, 980px\" title=\"\">\t\t\t\t\t\t\t<\/a>\n  \t\t\t\t\t\t\t  \t\t\t\t\t\t\t  \t\t\t\t\t\t<\/div>\n  \t\t\t\t\t\t  \t\t\t\t\t<\/div>\n          \t\t\t\t\t<div class=\"box-text text-center\" >\n\t\t\t\t\t<div class=\"box-text-inner blog-post-inner\">\n\n\t\t\t\t\t\n\t\t\t\t\t\t\t\t\t\t<h5 class=\"post-title is-large \">\n\t\t\t\t\t\t<a href=\"https:\/\/limousineuara.com\/it\/shopping-tour-roma\/\" class=\"plain\">Shopping tour Roma<\/a>\n\t\t\t\t\t<\/h5>\n\t\t\t\t\t\t\t\t\t\t<div class=\"is-divider\"><\/div>\n\t\t\t\t\t\t\t\t\t\t<p class=\"from_the_blog_excerpt \">\n\t\t\t\t\t\tShopping Tour presso le boutique pi\u00f9 chic di Roma o negli Outlet pi\u00f9 famosi del...\t\t\t\t\t<\/p>\n\t\t\t\t\t                    \n\t\t\t\t\t\n\t\t\t\t\t\n\t\t\t\t\t<\/div>\n\t\t\t\t\t<\/div>\n\t\t\t\t\t\t\t\t\t<\/div>\n\t\t\t<\/div>\n\t\t<\/div><div class=\"col post-item\" >\n\t\t\t<div class=\"col-inner\">\n\t\t\t\t<div class=\"box box-push box-text-bottom box-blog-post has-hover\">\n            \t\t\t\t\t<div class=\"box-image\" >\n  \t\t\t\t\t\t<div class=\"image-cover\" style=\"padding-top:56.25%;\">\n\t\t\t\t\t\t\t<a href=\"https:\/\/limousineuara.com\/it\/eventi-e-meeting-aziendali\/\" class=\"plain\" aria-label=\"Eventi e meeting aziendali\">\n\t\t\t\t\t\t\t\t<img loading=\"lazy\" decoding=\"async\" width=\"980\" height=\"550\" src=\"https:\/\/limousineuara.com\/wp-content\/uploads\/Eventi-e-meeting-aziendali.jpg\" class=\"attachment-original size-original wp-post-image\" alt=\"\" srcset=\"https:\/\/limousineuara.com\/wp-content\/uploads\/Eventi-e-meeting-aziendali.jpg 980w, https:\/\/limousineuara.com\/wp-content\/uploads\/Eventi-e-meeting-aziendali-300x168.jpg 300w, https:\/\/limousineuara.com\/wp-content\/uploads\/Eventi-e-meeting-aziendali-768x431.jpg 768w\" sizes=\"auto, (max-width: 980px) 100vw, 980px\" title=\"\">\t\t\t\t\t\t\t<\/a>\n  \t\t\t\t\t\t\t  \t\t\t\t\t\t\t  \t\t\t\t\t\t<\/div>\n  \t\t\t\t\t\t  \t\t\t\t\t<\/div>\n          \t\t\t\t\t<div class=\"box-text text-center\" >\n\t\t\t\t\t<div class=\"box-text-inner blog-post-inner\">\n\n\t\t\t\t\t\n\t\t\t\t\t\t\t\t\t\t<h5 class=\"post-title is-large \">\n\t\t\t\t\t\t<a href=\"https:\/\/limousineuara.com\/it\/eventi-e-meeting-aziendali\/\" class=\"plain\">Eventi e meeting aziendali<\/a>\n\t\t\t\t\t<\/h5>\n\t\t\t\t\t\t\t\t\t\t<div class=\"is-divider\"><\/div>\n\t\t\t\t\t\t\t\t\t\t<p class=\"from_the_blog_excerpt \">\n\t\t\t\t\t\tServizio business di noleggio auto con autista per trasferimenti e viaggi di lavoro\t\t\t\t\t<\/p>\n\t\t\t\t\t                    \n\t\t\t\t\t\n\t\t\t\t\t\n\t\t\t\t\t<\/div>\n\t\t\t\t\t<\/div>\n\t\t\t\t\t\t\t\t\t<\/div>\n\t\t\t<\/div>\n\t\t<\/div><div class=\"col post-item\" >\n\t\t\t<div class=\"col-inner\">\n\t\t\t\t<div class=\"box box-push box-text-bottom box-blog-post has-hover\">\n            \t\t\t\t\t<div class=\"box-image\" >\n  \t\t\t\t\t\t<div class=\"image-cover\" style=\"padding-top:56.25%;\">\n\t\t\t\t\t\t\t<a href=\"https:\/\/limousineuara.com\/it\/autista-per-eventi-speciali-a-roma\/\" class=\"plain\" aria-label=\"Autista per matrimoni e fidanzamenti\">\n\t\t\t\t\t\t\t\t<img loading=\"lazy\" decoding=\"async\" width=\"980\" height=\"550\" src=\"https:\/\/limousineuara.com\/wp-content\/uploads\/Autista-per-matrimoni-e-fidanzamenti.jpg\" class=\"attachment-original size-original wp-post-image\" alt=\"\" srcset=\"https:\/\/limousineuara.com\/wp-content\/uploads\/Autista-per-matrimoni-e-fidanzamenti.jpg 980w, https:\/\/limousineuara.com\/wp-content\/uploads\/Autista-per-matrimoni-e-fidanzamenti-300x168.jpg 300w, https:\/\/limousineuara.com\/wp-content\/uploads\/Autista-per-matrimoni-e-fidanzamenti-768x431.jpg 768w\" sizes=\"auto, (max-width: 980px) 100vw, 980px\" title=\"\">\t\t\t\t\t\t\t<\/a>\n  \t\t\t\t\t\t\t  \t\t\t\t\t\t\t  \t\t\t\t\t\t<\/div>\n  \t\t\t\t\t\t  \t\t\t\t\t<\/div>\n          \t\t\t\t\t<div class=\"box-text text-center\" >\n\t\t\t\t\t<div class=\"box-text-inner blog-post-inner\">\n\n\t\t\t\t\t\n\t\t\t\t\t\t\t\t\t\t<h5 class=\"post-title is-large \">\n\t\t\t\t\t\t<a href=\"https:\/\/limousineuara.com\/it\/autista-per-eventi-speciali-a-roma\/\" class=\"plain\">Autista per matrimoni e fidanzamenti<\/a>\n\t\t\t\t\t<\/h5>\n\t\t\t\t\t\t\t\t\t\t<div class=\"is-divider\"><\/div>\n\t\t\t\t\t\t\t\t\t\t<p class=\"from_the_blog_excerpt \">\n\t\t\t\t\t\tScegli Limousine UARA per i tuoi eventi speciali a Roma: una serata romantica, una proposta,...\t\t\t\t\t<\/p>\n\t\t\t\t\t                    \n\t\t\t\t\t\n\t\t\t\t\t\n\t\t\t\t\t<\/div>\n\t\t\t\t\t<\/div>\n\t\t\t\t\t\t\t\t\t<\/div>\n\t\t\t<\/div>\n\t\t<\/div><\/div>\n\n  <div class=\"banner has-hover has-parallax\" id=\"banner-863140770\">\n          <div class=\"banner-inner fill\">\n        <div class=\"banner-bg fill\" data-parallax=\"-8\" data-parallax-container=\".banner\" data-parallax-background>\n            <img loading=\"lazy\" decoding=\"async\" width=\"1920\" height=\"1080\" src=\"https:\/\/limousineuara.com\/wp-content\/uploads\/background-banner-CTA-limousine-uara.jpg\" class=\"bg attachment-original size-original\" alt=\"\" title=\"\">                        <div class=\"overlay\"><\/div>            \n                    <\/div>\n\t\t\n        <div class=\"banner-layers container\">\n            <div class=\"fill banner-link\"><\/div>            \n\n   <div id=\"text-box-1487281194\" class=\"text-box banner-layer x50 md-x50 lg-x50 y50 md-y50 lg-y50 res-text\">\n                     <div data-animate=\"fadeInRight\">           <div class=\"text-box-content text dark\">\n              \n              <div class=\"text-inner text-center\">\n                  \n\n\t<div id=\"text-3600927864\" class=\"text\">\n\t\t\n\n<p>Prenota un viaggio comodo e lussuoso con i servizi transfer di Limousine UARA, la tua agenzia di Noleggio Con Conducente di Roma.<\/p>\n\t\t\n<style>\n#text-3600927864 {\n  font-size: 1rem;\n}\n@media (min-width:550px) {\n  #text-3600927864 {\n    font-size: 1.5rem;\n  }\n}\n@media (min-width:850px) {\n  #text-3600927864 {\n    font-size: 1.75rem;\n  }\n}\n<\/style>\n\t<\/div>\n\t\n<a href=\"https:\/\/limousineuara.com\/it\/booking\/\" class=\"button primary\" style=\"border-radius:10px;\">\n\t\t<span>Booking<\/span>\n\t<\/a>\n\n\n<a href=\"https:\/\/wa.me\/393292729210\" class=\"button success\" style=\"border-radius:10px;\" rel=\"nofollow noopener\" target=\"_blank\">\n\t\t<span>Whatsapp<\/span>\n\t<\/a>\n\n\n\n              <\/div>\n           <\/div>\n       <\/div>                     \n<style>\n#text-box-1487281194 {\n  width: 89%;\n}\n#text-box-1487281194 .text-box-content {\n  font-size: 158%;\n}\n@media (min-width:550px) {\n  #text-box-1487281194 {\n    width: 92%;\n  }\n  #text-box-1487281194 .text-box-content {\n    font-size: 100%;\n  }\n}\n@media (min-width:850px) {\n  #text-box-1487281194 {\n    width: 85%;\n  }\n}\n<\/style>\n    <\/div>\n \n\n        <\/div>\n      <\/div>\n\n            \n<style>\n#banner-863140770 {\n  padding-top: 370px;\n}\n#banner-863140770 .overlay {\n  background-color: rgba(0,0,0,.5);\n}\n#banner-863140770 .banner-bg img {\n  object-position: 53% 66%;\n}\n@media (min-width:550px) {\n  #banner-863140770 {\n    padding-top: 350px;\n  }\n}\n@media (min-width:850px) {\n  #banner-863140770 {\n    padding-top: 450px;\n  }\n}\n<\/style>\n  <\/div>\n\n\n","protected":false},"excerpt":{"rendered":"","protected":false},"author":6,"featured_media":0,"parent":0,"menu_order":0,"comment_status":"closed","ping_status":"closed","template":"page-blank.php","meta":{"inline_featured_image":false,"footnotes":""},"class_list":["post-485","page","type-page","status-publish","hentry"],"_links":{"self":[{"href":"https:\/\/limousineuara.com\/it\/wp-json\/wp\/v2\/pages\/485","targetHints":{"allow":["GET"]}}],"collection":[{"href":"https:\/\/limousineuara.com\/it\/wp-json\/wp\/v2\/pages"}],"about":[{"href":"https:\/\/limousineuara.com\/it\/wp-json\/wp\/v2\/types\/page"}],"author":[{"embeddable":true,"href":"https:\/\/limousineuara.com\/it\/wp-json\/wp\/v2\/users\/6"}],"replies":[{"embeddable":true,"href":"https:\/\/limousineuara.com\/it\/wp-json\/wp\/v2\/comments?post=485"}],"version-history":[{"count":10,"href":"https:\/\/limousineuara.com\/it\/wp-json\/wp\/v2\/pages\/485\/revisions"}],"predecessor-version":[{"id":2384,"href":"https:\/\/limousineuara.com\/it\/wp-json\/wp\/v2\/pages\/485\/revisions\/2384"}],"wp:attachment":[{"href":"https:\/\/limousineuara.com\/it\/wp-json\/wp\/v2\/media?parent=485"}],"curies":[{"name":"wp","href":"https:\/\/api.w.org\/{rel}","templated":true}]}}