{"id":48,"date":"2021-02-27T18:13:24","date_gmt":"2021-02-27T18:13:24","guid":{"rendered":"https:\/\/tsts.it\/?page_id=48"},"modified":"2024-07-03T10:22:29","modified_gmt":"2024-07-03T08:22:29","slug":"chi-siamo","status":"publish","type":"page","link":"https:\/\/limousineuara.com\/it\/chi-siamo\/","title":{"rendered":"Chi siamo"},"content":{"rendered":"\n\t<section class=\"section dark\" id=\"section_1941255636\">\n\t\t<div class=\"section-bg fill\" >\n\t\t\t<img loading=\"lazy\" decoding=\"async\" width=\"1920\" height=\"550\" src=\"https:\/\/limousineuara.com\/wp-content\/uploads\/Agenzia-di-Noleggio-Con-Conducente-a-Roma.jpg\" class=\"bg attachment-original size-original\" alt=\"\" title=\"\">\t\t\t\t\t\t<div class=\"section-bg-overlay absolute fill\"><\/div>\n\t\t\t\n\n\t\t<\/div>\n\n\t\t\n\n\t\t<div class=\"section-content relative\">\n\t\t\t\n<div class=\"row\" style=\"max-width:1400px\" id=\"row-386128886\">\n\n\t<div id=\"col-1706111108\" class=\"col medium-12 small-12 large-12\"  >\n\t\t\t\t<div class=\"col-inner text-left\"  >\n\t\t\t\n\t\t\t\n<h1><span style=\"font-size: 150%;\">Agenzia di Noleggio Con Conducente a Roma<\/span><\/h1>\n\t\t<\/div>\n\t\t\t\t\t<\/div>\n\n\t\n<\/div>\n\t\t<\/div>\n\n\t\t\n<style>\n#section_1941255636 {\n  padding-top: 100px;\n  padding-bottom: 100px;\n}\n#section_1941255636 .section-bg-overlay {\n  background-color: rgba(0, 0, 0, 0.35);\n}\n#section_1941255636 .section-bg img {\n  object-position: 30% 53%;\n}\n@media (min-width:550px) {\n  #section_1941255636 {\n    padding-top: 100px;\n    padding-bottom: 100px;\n  }\n}\n@media (min-width:850px) {\n  #section_1941255636 {\n    padding-top: 150px;\n    padding-bottom: 150px;\n  }\n}\n<\/style>\n\t<\/section>\n\t\n\n\t<section class=\"section\" id=\"section_881362261\">\n\t\t<div class=\"section-bg fill\" >\n\t\t\t\t\t\t\t\t\t\n\t\t\t\n\n\t\t<\/div>\n\n\t\t\n\n\t\t<div class=\"section-content relative\">\n\t\t\t\n<div class=\"row align-center\"  id=\"row-1227046943\">\n\n\t<div id=\"col-416205975\" class=\"col medium-12 small-12 large-12\"  >\n\t\t\t\t<div class=\"col-inner\" style=\"background-color:rgb(255,255,255);\" >\n\t\t\t\n\t\t\t\n\t<div id=\"text-242379973\" class=\"text\">\n\t\t\n<blockquote>\n<h2>Siamo una cooperativa NCC che da molti anni offre servizi di trasferimento privato, adatti a ogni necessit\u00e0 di mobilit\u00e0<\/h2>\n<\/blockquote>\n\t\t\n<style>\n#text-242379973 {\n  font-size: 1rem;\n  color: rgb(0,0,0);\n}\n#text-242379973 > * {\n  color: rgb(0,0,0);\n}\n<\/style>\n\t<\/div>\n\t\n\t<div id=\"text-2767597106\" class=\"text\">\n\t\t\n<p>Limousine UARA (Unione Autonoleggiatori Romani Autorizzati) \u00e8 la compagnia NCC nata nel 1981 con lo scopo di offrire <strong>servizi di Noleggio Con Conducente a Roma e nel resto d\u2019Italia<\/strong>. La professionalit\u00e0 e l\u2019impegno di promuovere sempre <strong>la migliore soluzione di trasferimento<\/strong>, sono le caratteristiche principali che ci distinguono da tutte le altre aziende. Per anni <strong>abbiamo accompagnato turisti<\/strong>, <strong>residenti<\/strong>, <strong>uomini e donne d\u2019affari<\/strong> nei loro viaggi di lavoro e piacere, migliorando sempre di pi\u00f9 l\u2019esperienza di <strong>viaggiare in auto di alta categoria Mercedes<\/strong>, guidate da autisti esperti del territorio.<\/p>\n<p>Il nostro parco auto dispone di <strong>lussuosi veicoli<\/strong> (berline, van, minivan e pullman) con una capacit\u00e0 massima di 50 passeggeri per condurvi in qualsiasi destinazione, <strong>adottando tutte le norme di sicurezza<\/strong> e assicurando la <strong>massima puntualit\u00e0 ed efficienza<\/strong>.<\/p>\n<p>Essere da oltre 30 anni sul mercato significa poter garantire un\u2019elevata qualit\u00e0 del servizio, allo scopo di <strong>soddisfare il cliente per qualunque bisogno o necessit\u00e0 richiesta durante il trasferimento<\/strong>. Questa filosofia \u00e8 stata costruita giorno dopo giorno da tutto lo staff, dai driver che conducono i mezzi e dalle unit\u00e0 operative di supporto. Questa forte coesione \u00e8 un altro <strong>valore aggiunto della nostra azienda NCC di Roma<\/strong>, che usiamo per accogliere e superare le continue sfide di un mercato molto competitivo.<\/p>\n<p>In questa ottica progressista e unitaria, tutto il personale di Limousine UARA \u00e8 a disposizione del cliente 365 giorni all\u2019anno, 24 ore al giorno, <strong>per offrire ai propri clienti un servizio di Noleggio Con Conducente<\/strong> unico e indimenticabile.<\/p>\n\t\t\n<style>\n#text-2767597106 {\n  text-align: left;\n}\n<\/style>\n\t<\/div>\n\t\n\t\t<\/div>\n\t\t\t\t\n<style>\n#col-416205975 > .col-inner {\n  margin: 0px 0px 0px 0px;\n}\n@media (min-width:550px) {\n  #col-416205975 > .col-inner {\n    margin: -100px 0px 0px 0px;\n  }\n}\n<\/style>\n\t<\/div>\n\n\t\n\n<style>\n#row-1227046943 > .col > .col-inner {\n  padding: 0px 0px 0px 0px;\n}\n@media (min-width:550px) {\n  #row-1227046943 > .col > .col-inner {\n    padding: 60px 60px 0px 60px;\n  }\n}\n<\/style>\n<\/div>\n\t\t<\/div>\n\n\t\t\n<style>\n#section_881362261 {\n  padding-top: 0px;\n  padding-bottom: 0px;\n}\n<\/style>\n\t<\/section>\n\t\n\n  <div class=\"banner has-hover has-parallax\" id=\"banner-1217306472\">\n          <div class=\"banner-inner fill\">\n        <div class=\"banner-bg fill\" data-parallax=\"-8\" data-parallax-container=\".banner\" data-parallax-background>\n            <img loading=\"lazy\" decoding=\"async\" width=\"1920\" height=\"1080\" src=\"https:\/\/limousineuara.com\/wp-content\/uploads\/background-banner-CTA-limousine-uara.jpg\" class=\"bg attachment-original size-original\" alt=\"\" title=\"\">                        <div class=\"overlay\"><\/div>            \n                    <\/div>\n\t\t\n        <div class=\"banner-layers container\">\n            <div class=\"fill banner-link\"><\/div>            \n\n   <div id=\"text-box-771505605\" class=\"text-box banner-layer x50 md-x50 lg-x50 y50 md-y50 lg-y50 res-text\">\n                     <div data-animate=\"fadeInRight\">           <div class=\"text-box-content text dark\">\n              \n              <div class=\"text-inner text-center\">\n                  \n\n\t<div id=\"text-2123827966\" class=\"text\">\n\t\t\n\n<p>Prenota un viaggio comodo e lussuoso con i servizi transfer di Limousine UARA, la tua agenzia di Noleggio Con Conducente di Roma.<\/p>\n\t\t\n<style>\n#text-2123827966 {\n  font-size: 1rem;\n}\n@media (min-width:550px) {\n  #text-2123827966 {\n    font-size: 1.5rem;\n  }\n}\n@media (min-width:850px) {\n  #text-2123827966 {\n    font-size: 1.75rem;\n  }\n}\n<\/style>\n\t<\/div>\n\t\n<a href=\"https:\/\/limousineuara.com\/it\/booking\/\" class=\"button primary\" style=\"border-radius:10px;\">\n\t\t<span>Booking<\/span>\n\t<\/a>\n\n\n<a href=\"https:\/\/wa.me\/393292729210\" class=\"button success\" style=\"border-radius:10px;\" rel=\"nofollow noopener\" target=\"_blank\">\n\t\t<span>Whatsapp<\/span>\n\t<\/a>\n\n\n\n              <\/div>\n           <\/div>\n       <\/div>                     \n<style>\n#text-box-771505605 {\n  width: 89%;\n}\n#text-box-771505605 .text-box-content {\n  font-size: 158%;\n}\n@media (min-width:550px) {\n  #text-box-771505605 {\n    width: 92%;\n  }\n  #text-box-771505605 .text-box-content {\n    font-size: 100%;\n  }\n}\n@media (min-width:850px) {\n  #text-box-771505605 {\n    width: 85%;\n  }\n}\n<\/style>\n    <\/div>\n \n\n        <\/div>\n      <\/div>\n\n            \n<style>\n#banner-1217306472 {\n  padding-top: 370px;\n}\n#banner-1217306472 .overlay {\n  background-color: rgba(0,0,0,.5);\n}\n#banner-1217306472 .banner-bg img {\n  object-position: 53% 66%;\n}\n@media (min-width:550px) {\n  #banner-1217306472 {\n    padding-top: 350px;\n  }\n}\n@media (min-width:850px) {\n  #banner-1217306472 {\n    padding-top: 450px;\n  }\n}\n<\/style>\n  <\/div>\n\n\n\n\t<section class=\"section\" id=\"section_41137867\">\n\t\t<div class=\"section-bg fill\" >\n\t\t\t\t\t\t\t\t\t\n\t\t\t\n\n\t\t<\/div>\n\n\t\t\n\n\t\t<div class=\"section-content relative\">\n\t\t\t\n<div class=\"row align-center\"  id=\"row-495987432\">\n\n\t<div id=\"col-2047235206\" class=\"col medium-12 small-12 large-12\"  >\n\t\t\t\t<div class=\"col-inner\" style=\"background-color:rgb(255,255,255);\" >\n\t\t\t\n\t\t\t\n\t<div id=\"text-3345033534\" class=\"text\">\n\t\t\n<blockquote>\n<h2>Servizi transfer a breve e a lunga distanza, tour con autista privato e trasferimenti VIP<\/h2>\n<\/blockquote>\n\t\t\n<style>\n#text-3345033534 {\n  font-size: 1rem;\n  color: rgb(0,0,0);\n}\n#text-3345033534 > * {\n  color: rgb(0,0,0);\n}\n<\/style>\n\t<\/div>\n\t\n\t<div id=\"text-3891056047\" class=\"text\">\n\t\t\n<p>Tra gli innumerevoli <strong>servizi di transfer<\/strong>, potrai regalati un\u2019esperienza indimenticabile con i nostri tour, <strong>rilassarti durante un lungo viaggio<\/strong> per <strong>raggiungere una citt\u00e0 lontana o spostarti in tranquillit\u00e0 da\/per gli aeroporti di Fiumicino, Ciampino e il Porto di Civitavecchia<\/strong>. Mettiamo a disposizione driver professionisti per<strong> lussuosi transfer dedicati alle aziende<\/strong> o ad eventi speciali come cerimonie o proposte di matrimonio.<\/p>\n<p>Abbiamo a disposizione ogni soluzione <strong>per venire incontro alle tue esigenze di mobilit\u00e0<\/strong>. Contattaci per avere maggiori informazioni sui nostri servizi di trasferimento o sull\u2019organizzazione di un tour con autista privato.<\/p>\n\t\t\n<style>\n#text-3891056047 {\n  text-align: left;\n}\n<\/style>\n\t<\/div>\n\t\n\t\t<\/div>\n\t\t\t\t\n<style>\n#col-2047235206 > .col-inner {\n  margin: 0px 0px 0px 0px;\n}\n@media (min-width:550px) {\n  #col-2047235206 > .col-inner {\n    margin: -100px 0px 0px 0px;\n  }\n}\n<\/style>\n\t<\/div>\n\n\t\n\n<style>\n#row-495987432 > .col > .col-inner {\n  padding: 0px 0px 0px 0px;\n}\n@media (min-width:550px) {\n  #row-495987432 > .col > .col-inner {\n    padding: 60px 60px 0px 60px;\n  }\n}\n<\/style>\n<\/div>\n\t\t<\/div>\n\n\t\t\n<style>\n#section_41137867 {\n  padding-top: 0px;\n  padding-bottom: 0px;\n}\n<\/style>\n\t<\/section>\n\t\n","protected":false},"excerpt":{"rendered":"","protected":false},"author":1,"featured_media":0,"parent":0,"menu_order":0,"comment_status":"closed","ping_status":"closed","template":"page-blank.php","meta":{"inline_featured_image":false,"footnotes":""},"class_list":["post-48","page","type-page","status-publish","hentry"],"_links":{"self":[{"href":"https:\/\/limousineuara.com\/it\/wp-json\/wp\/v2\/pages\/48","targetHints":{"allow":["GET"]}}],"collection":[{"href":"https:\/\/limousineuara.com\/it\/wp-json\/wp\/v2\/pages"}],"about":[{"href":"https:\/\/limousineuara.com\/it\/wp-json\/wp\/v2\/types\/page"}],"author":[{"embeddable":true,"href":"https:\/\/limousineuara.com\/it\/wp-json\/wp\/v2\/users\/1"}],"replies":[{"embeddable":true,"href":"https:\/\/limousineuara.com\/it\/wp-json\/wp\/v2\/comments?post=48"}],"version-history":[{"count":16,"href":"https:\/\/limousineuara.com\/it\/wp-json\/wp\/v2\/pages\/48\/revisions"}],"predecessor-version":[{"id":2390,"href":"https:\/\/limousineuara.com\/it\/wp-json\/wp\/v2\/pages\/48\/revisions\/2390"}],"wp:attachment":[{"href":"https:\/\/limousineuara.com\/it\/wp-json\/wp\/v2\/media?parent=48"}],"curies":[{"name":"wp","href":"https:\/\/api.w.org\/{rel}","templated":true}]}}