{"id":3281,"date":"2025-06-26T13:35:51","date_gmt":"2025-06-26T11:35:51","guid":{"rendered":"https:\/\/limousineuara.com\/?page_id=3281"},"modified":"2025-06-27T12:12:37","modified_gmt":"2025-06-27T10:12:37","slug":"limousine-uara-notizie","status":"publish","type":"page","link":"https:\/\/limousineuara.com\/it\/limousine-uara-notizie\/","title":{"rendered":"Notizie"},"content":{"rendered":"\n\t<section class=\"section dark\" id=\"section_1236338373\">\n\t\t<div class=\"section-bg fill\" >\n\t\t\t<img loading=\"lazy\" decoding=\"async\" width=\"1920\" height=\"550\" src=\"https:\/\/limousineuara.com\/wp-content\/uploads\/Agenzia-di-Noleggio-Con-Conducente-a-Roma.jpg\" class=\"bg attachment-original size-original\" alt=\"\" title=\"\">\t\t\t\t\t\t<div class=\"section-bg-overlay absolute fill\"><\/div>\n\t\t\t\n\n\t\t<\/div>\n\n\t\t\n\n\t\t<div class=\"section-content relative\">\n\t\t\t\n<div class=\"row\" style=\"max-width:1400px\" id=\"row-403977488\">\n\n\t<div id=\"col-781371159\" class=\"col medium-12 small-12 large-12\"  >\n\t\t\t\t<div class=\"col-inner text-left\"  >\n\t\t\t\n\t\t\t\n<h1><span style=\"font-size: 150%;\">Notizie Limousine UARA<\/span><\/h1>\n\t\t<\/div>\n\t\t\t\t\t<\/div>\n\n\t\n<\/div>\n\t\t<\/div>\n\n\t\t\n<style>\n#section_1236338373 {\n  padding-top: 100px;\n  padding-bottom: 100px;\n}\n#section_1236338373 .section-bg-overlay {\n  background-color: rgba(0, 0, 0, 0.35);\n}\n#section_1236338373 .section-bg img {\n  object-position: 30% 53%;\n}\n@media (min-width:550px) {\n  #section_1236338373 {\n    padding-top: 100px;\n    padding-bottom: 100px;\n  }\n}\n@media (min-width:850px) {\n  #section_1236338373 {\n    padding-top: 150px;\n    padding-bottom: 150px;\n  }\n}\n<\/style>\n\t<\/section>\n\t\n<div class=\"row\"  id=\"row-1541871941\">\n\n\t<div id=\"col-860381350\" class=\"col medium-12 small-12 large-12\"  >\n\t\t\t\t<div class=\"col-inner text-left\" style=\"background-color:rgb(255, 255, 255);\" >\n\t\t\t\n\t\t\t\n<blockquote>\n<h2>Benvenuti nella sezione News di Limousine UARA! <\/h2>\n<\/blockquote>\n<p>Qui troverete gli ultimi aggiornamenti, approfondimenti e storie dal mondo dei servizi di autonoleggio con autista professionali. Che si tratti di entusiasmanti annunci aziendali, nuove aggiunte alla nostra flotta, offerte speciali o consigli di esperti per un&#8217;esperienza di viaggio impeccabile, questa \u00e8 la vostra fonte di riferimento per rimanere informati. Ci impegniamo a offrire comfort, sicurezza e affidabilit\u00e0 senza pari e la nostra pagina news \u00e8 progettata per tenervi aggiornati su tutto ci\u00f2 che facciamo per migliorare il vostro viaggio. Esplorate i nostri articoli e scoprite perch\u00e9 Limousine UARA \u00e8 la scelta preferita dai viaggiatori pi\u00f9 esigenti.<\/p>\n\t\t<\/div>\n\t\t\t\t\n<style>\n#col-860381350 > .col-inner {\n  margin: -100px 0px 0px 0px;\n}\n<\/style>\n\t<\/div>\n\n\t\n\n<style>\n#row-1541871941 > .col > .col-inner {\n  padding: 0px 0px 0px 30px;\n}\n@media (min-width:850px) {\n  #row-1541871941 > .col > .col-inner {\n    padding: 60px 60px 0px 60px;\n  }\n}\n<\/style>\n<\/div>\n\t\t<div id=\"ux-relay-874328986\" class=\"ux-relay ux-relay--pagination\" data-flatsome-relay=\"{&quot;postType&quot;:&quot;post&quot;,&quot;tag&quot;:&quot;blog_posts&quot;,&quot;atts&quot;:{&quot;style&quot;:&quot;default&quot;,&quot;type&quot;:&quot;row&quot;,&quot;width&quot;:&quot;full-width&quot;,&quot;columns&quot;:&quot;3&quot;,&quot;columns__md&quot;:&quot;2&quot;,&quot;relay&quot;:&quot;pagination&quot;,&quot;cat&quot;:&quot;33&quot;,&quot;posts&quot;:&quot;6&quot;,&quot;title_size&quot;:&quot;larger&quot;,&quot;show_date&quot;:&quot;false&quot;,&quot;comments&quot;:&quot;false&quot;,&quot;image_height&quot;:&quot;56.25%&quot;,&quot;image_size&quot;:&quot;original&quot;},&quot;currentPage&quot;:&quot;1&quot;,&quot;totalPages&quot;:46,&quot;totalPosts&quot;:276,&quot;postCount&quot;:6}\">\n\t\t\n  \n    <div class=\"row large-columns-3 medium-columns-2 small-columns-1 row-full-width\" >\n  <div class=\"col post-item\" >\n\t\t\t<div class=\"col-inner\">\n\t\t\t\t<div class=\"box box-default box-text-bottom box-blog-post has-hover\">\n            \t\t\t\t\t<div class=\"box-image\" >\n  \t\t\t\t\t\t<div class=\"image-cover\" style=\"padding-top:56.25%;\">\n\t\t\t\t\t\t\t<a href=\"https:\/\/limousineuara.com\/it\/da-stazione-termini-a-roma\/\" class=\"plain\" aria-label=\"Da Stazione Termini a Roma\">\n\t\t\t\t\t\t\t\t<img loading=\"lazy\" decoding=\"async\" width=\"1200\" height=\"655\" src=\"https:\/\/limousineuara.com\/wp-content\/uploads\/stazione-termini-servizio-ncc-mercedes.webp\" class=\"attachment-original size-original wp-post-image\" alt=\"Da Stazione Termini a Roma\" srcset=\"https:\/\/limousineuara.com\/wp-content\/uploads\/stazione-termini-servizio-ncc-mercedes.webp 1200w, https:\/\/limousineuara.com\/wp-content\/uploads\/stazione-termini-servizio-ncc-mercedes-300x164.webp 300w, https:\/\/limousineuara.com\/wp-content\/uploads\/stazione-termini-servizio-ncc-mercedes-1024x559.webp 1024w, https:\/\/limousineuara.com\/wp-content\/uploads\/stazione-termini-servizio-ncc-mercedes-768x419.webp 768w\" sizes=\"auto, (max-width: 1200px) 100vw, 1200px\" title=\"\">\t\t\t\t\t\t\t<\/a>\n  \t\t\t\t\t\t\t  \t\t\t\t\t\t\t  \t\t\t\t\t\t<\/div>\n  \t\t\t\t\t\t  \t\t\t\t\t<\/div>\n          \t\t\t\t\t<div class=\"box-text text-center\" >\n\t\t\t\t\t<div class=\"box-text-inner blog-post-inner\">\n\n\t\t\t\t\t\n\t\t\t\t\t\t\t\t\t\t<h5 class=\"post-title is-larger \">\n\t\t\t\t\t\t<a href=\"https:\/\/limousineuara.com\/it\/da-stazione-termini-a-roma\/\" class=\"plain\">Da Stazione Termini a Roma<\/a>\n\t\t\t\t\t<\/h5>\n\t\t\t\t\t\t\t\t\t\t<div class=\"is-divider\"><\/div>\n\t\t\t\t\t\t\t\t\t\t<p class=\"from_the_blog_excerpt \">\n\t\t\t\t\t\tIl tuo viaggio Da Stazione Termini a Roma inizia con stile &nbsp; Arrivare a Roma...\t\t\t\t\t<\/p>\n\t\t\t\t\t                    \n\t\t\t\t\t\n\t\t\t\t\t\n\t\t\t\t\t<\/div>\n\t\t\t\t\t<\/div>\n\t\t\t\t\t\t\t\t\t<\/div>\n\t\t\t<\/div>\n\t\t<\/div><div class=\"col post-item\" >\n\t\t\t<div class=\"col-inner\">\n\t\t\t\t<div class=\"box box-default box-text-bottom box-blog-post has-hover\">\n            \t\t\t\t\t<div class=\"box-image\" >\n  \t\t\t\t\t\t<div class=\"image-cover\" style=\"padding-top:56.25%;\">\n\t\t\t\t\t\t\t<a href=\"https:\/\/limousineuara.com\/it\/da-aeroporto-di-ciampino-a-roma\/\" class=\"plain\" aria-label=\"Da Aeroporto di Ciampino a Roma\">\n\t\t\t\t\t\t\t\t<img loading=\"lazy\" decoding=\"async\" width=\"1200\" height=\"655\" src=\"https:\/\/limousineuara.com\/wp-content\/uploads\/aeroporto-ciampino-servizio-ncc-mercedes-77.webp\" class=\"attachment-original size-original wp-post-image\" alt=\"Da Aeroporto di Ciampino a Roma\" srcset=\"https:\/\/limousineuara.com\/wp-content\/uploads\/aeroporto-ciampino-servizio-ncc-mercedes-77.webp 1200w, https:\/\/limousineuara.com\/wp-content\/uploads\/aeroporto-ciampino-servizio-ncc-mercedes-77-300x164.webp 300w, https:\/\/limousineuara.com\/wp-content\/uploads\/aeroporto-ciampino-servizio-ncc-mercedes-77-1024x559.webp 1024w, https:\/\/limousineuara.com\/wp-content\/uploads\/aeroporto-ciampino-servizio-ncc-mercedes-77-768x419.webp 768w\" sizes=\"auto, (max-width: 1200px) 100vw, 1200px\" title=\"\">\t\t\t\t\t\t\t<\/a>\n  \t\t\t\t\t\t\t  \t\t\t\t\t\t\t  \t\t\t\t\t\t<\/div>\n  \t\t\t\t\t\t  \t\t\t\t\t<\/div>\n          \t\t\t\t\t<div class=\"box-text text-center\" >\n\t\t\t\t\t<div class=\"box-text-inner blog-post-inner\">\n\n\t\t\t\t\t\n\t\t\t\t\t\t\t\t\t\t<h5 class=\"post-title is-larger \">\n\t\t\t\t\t\t<a href=\"https:\/\/limousineuara.com\/it\/da-aeroporto-di-ciampino-a-roma\/\" class=\"plain\">Da Aeroporto di Ciampino a Roma<\/a>\n\t\t\t\t\t<\/h5>\n\t\t\t\t\t\t\t\t\t\t<div class=\"is-divider\"><\/div>\n\t\t\t\t\t\t\t\t\t\t<p class=\"from_the_blog_excerpt \">\n\t\t\t\t\t\tDa Aeroporto di Ciampino a Roma: Il Tuo Benvenuto a 5 Stelle &nbsp; L&#8217;istante in...\t\t\t\t\t<\/p>\n\t\t\t\t\t                    \n\t\t\t\t\t\n\t\t\t\t\t\n\t\t\t\t\t<\/div>\n\t\t\t\t\t<\/div>\n\t\t\t\t\t\t\t\t\t<\/div>\n\t\t\t<\/div>\n\t\t<\/div><div class=\"col post-item\" >\n\t\t\t<div class=\"col-inner\">\n\t\t\t\t<div class=\"box box-default box-text-bottom box-blog-post has-hover\">\n            \t\t\t\t\t<div class=\"box-image\" >\n  \t\t\t\t\t\t<div class=\"image-cover\" style=\"padding-top:56.25%;\">\n\t\t\t\t\t\t\t<a href=\"https:\/\/limousineuara.com\/it\/da-stazione-termini-a-aeroporto-di-fiumicino\/\" class=\"plain\" aria-label=\"Da Stazione Termini a Aeroporto di Fiumicino\">\n\t\t\t\t\t\t\t\t<img loading=\"lazy\" decoding=\"async\" width=\"1200\" height=\"655\" src=\"https:\/\/limousineuara.com\/wp-content\/uploads\/stazione-termini-servizio-ncc-mercedes-1.webp\" class=\"attachment-original size-original wp-post-image\" alt=\"Da Stazione Termini a Aeroporto di Fiumicino\" srcset=\"https:\/\/limousineuara.com\/wp-content\/uploads\/stazione-termini-servizio-ncc-mercedes-1.webp 1200w, https:\/\/limousineuara.com\/wp-content\/uploads\/stazione-termini-servizio-ncc-mercedes-1-300x164.webp 300w, https:\/\/limousineuara.com\/wp-content\/uploads\/stazione-termini-servizio-ncc-mercedes-1-1024x559.webp 1024w, https:\/\/limousineuara.com\/wp-content\/uploads\/stazione-termini-servizio-ncc-mercedes-1-768x419.webp 768w\" sizes=\"auto, (max-width: 1200px) 100vw, 1200px\" title=\"\">\t\t\t\t\t\t\t<\/a>\n  \t\t\t\t\t\t\t  \t\t\t\t\t\t\t  \t\t\t\t\t\t<\/div>\n  \t\t\t\t\t\t  \t\t\t\t\t<\/div>\n          \t\t\t\t\t<div class=\"box-text text-center\" >\n\t\t\t\t\t<div class=\"box-text-inner blog-post-inner\">\n\n\t\t\t\t\t\n\t\t\t\t\t\t\t\t\t\t<h5 class=\"post-title is-larger \">\n\t\t\t\t\t\t<a href=\"https:\/\/limousineuara.com\/it\/da-stazione-termini-a-aeroporto-di-fiumicino\/\" class=\"plain\">Da Stazione Termini a Aeroporto di Fiumicino<\/a>\n\t\t\t\t\t<\/h5>\n\t\t\t\t\t\t\t\t\t\t<div class=\"is-divider\"><\/div>\n\t\t\t\t\t\t\t\t\t\t<p class=\"from_the_blog_excerpt \">\n\t\t\t\t\t\tDa Stazione Termini a Aeroporto di Fiumicino: il tuo viaggio inizia qui &nbsp; La partenza...\t\t\t\t\t<\/p>\n\t\t\t\t\t                    \n\t\t\t\t\t\n\t\t\t\t\t\n\t\t\t\t\t<\/div>\n\t\t\t\t\t<\/div>\n\t\t\t\t\t\t\t\t\t<\/div>\n\t\t\t<\/div>\n\t\t<\/div><div class=\"col post-item\" >\n\t\t\t<div class=\"col-inner\">\n\t\t\t\t<div class=\"box box-default box-text-bottom box-blog-post has-hover\">\n            \t\t\t\t\t<div class=\"box-image\" >\n  \t\t\t\t\t\t<div class=\"image-cover\" style=\"padding-top:56.25%;\">\n\t\t\t\t\t\t\t<a href=\"https:\/\/limousineuara.com\/it\/da-aeroporto-di-ciampino-a-aeroporto-di-fiumicino\/\" class=\"plain\" aria-label=\"Da Aeroporto di Ciampino a Aeroporto di Fiumicino\">\n\t\t\t\t\t\t\t\t<img loading=\"lazy\" decoding=\"async\" width=\"1200\" height=\"655\" src=\"https:\/\/limousineuara.com\/wp-content\/uploads\/aeroporto-ciampino-servizio-ncc-mercedes-78.webp\" class=\"attachment-original size-original wp-post-image\" alt=\"Da Aeroporto di Ciampino a Aeroporto di Fiumicino\" srcset=\"https:\/\/limousineuara.com\/wp-content\/uploads\/aeroporto-ciampino-servizio-ncc-mercedes-78.webp 1200w, https:\/\/limousineuara.com\/wp-content\/uploads\/aeroporto-ciampino-servizio-ncc-mercedes-78-300x164.webp 300w, https:\/\/limousineuara.com\/wp-content\/uploads\/aeroporto-ciampino-servizio-ncc-mercedes-78-1024x559.webp 1024w, https:\/\/limousineuara.com\/wp-content\/uploads\/aeroporto-ciampino-servizio-ncc-mercedes-78-768x419.webp 768w\" sizes=\"auto, (max-width: 1200px) 100vw, 1200px\" title=\"\">\t\t\t\t\t\t\t<\/a>\n  \t\t\t\t\t\t\t  \t\t\t\t\t\t\t  \t\t\t\t\t\t<\/div>\n  \t\t\t\t\t\t  \t\t\t\t\t<\/div>\n          \t\t\t\t\t<div class=\"box-text text-center\" >\n\t\t\t\t\t<div class=\"box-text-inner blog-post-inner\">\n\n\t\t\t\t\t\n\t\t\t\t\t\t\t\t\t\t<h5 class=\"post-title is-larger \">\n\t\t\t\t\t\t<a href=\"https:\/\/limousineuara.com\/it\/da-aeroporto-di-ciampino-a-aeroporto-di-fiumicino\/\" class=\"plain\">Da Aeroporto di Ciampino a Aeroporto di Fiumicino<\/a>\n\t\t\t\t\t<\/h5>\n\t\t\t\t\t\t\t\t\t\t<div class=\"is-divider\"><\/div>\n\t\t\t\t\t\t\t\t\t\t<p class=\"from_the_blog_excerpt \">\n\t\t\t\t\t\tDa Aeroporto di Ciampino a Aeroporto di Fiumicino: La Tua Unica Garanzia &nbsp; Nel complesso...\t\t\t\t\t<\/p>\n\t\t\t\t\t                    \n\t\t\t\t\t\n\t\t\t\t\t\n\t\t\t\t\t<\/div>\n\t\t\t\t\t<\/div>\n\t\t\t\t\t\t\t\t\t<\/div>\n\t\t\t<\/div>\n\t\t<\/div><div class=\"col post-item\" >\n\t\t\t<div class=\"col-inner\">\n\t\t\t\t<div class=\"box box-default box-text-bottom box-blog-post has-hover\">\n            \t\t\t\t\t<div class=\"box-image\" >\n  \t\t\t\t\t\t<div class=\"image-cover\" style=\"padding-top:56.25%;\">\n\t\t\t\t\t\t\t<a href=\"https:\/\/limousineuara.com\/it\/da-stazione-termini-al-porto-di-civitavecchia\/\" class=\"plain\" aria-label=\"Da Stazione Termini al Porto di Civitavecchia\">\n\t\t\t\t\t\t\t\t<img loading=\"lazy\" decoding=\"async\" width=\"1200\" height=\"655\" src=\"https:\/\/limousineuara.com\/wp-content\/uploads\/stazione-termini-servizio-ncc-mercedes-2.webp\" class=\"attachment-original size-original wp-post-image\" alt=\"Da Stazione Termini al Porto di Civitavecchia\" srcset=\"https:\/\/limousineuara.com\/wp-content\/uploads\/stazione-termini-servizio-ncc-mercedes-2.webp 1200w, https:\/\/limousineuara.com\/wp-content\/uploads\/stazione-termini-servizio-ncc-mercedes-2-300x164.webp 300w, https:\/\/limousineuara.com\/wp-content\/uploads\/stazione-termini-servizio-ncc-mercedes-2-1024x559.webp 1024w, https:\/\/limousineuara.com\/wp-content\/uploads\/stazione-termini-servizio-ncc-mercedes-2-768x419.webp 768w\" sizes=\"auto, (max-width: 1200px) 100vw, 1200px\" title=\"\">\t\t\t\t\t\t\t<\/a>\n  \t\t\t\t\t\t\t  \t\t\t\t\t\t\t  \t\t\t\t\t\t<\/div>\n  \t\t\t\t\t\t  \t\t\t\t\t<\/div>\n          \t\t\t\t\t<div class=\"box-text text-center\" >\n\t\t\t\t\t<div class=\"box-text-inner blog-post-inner\">\n\n\t\t\t\t\t\n\t\t\t\t\t\t\t\t\t\t<h5 class=\"post-title is-larger \">\n\t\t\t\t\t\t<a href=\"https:\/\/limousineuara.com\/it\/da-stazione-termini-al-porto-di-civitavecchia\/\" class=\"plain\">Da Stazione Termini al Porto di Civitavecchia<\/a>\n\t\t\t\t\t<\/h5>\n\t\t\t\t\t\t\t\t\t\t<div class=\"is-divider\"><\/div>\n\t\t\t\t\t\t\t\t\t\t<p class=\"from_the_blog_excerpt \">\n\t\t\t\t\t\tDa Stazione Termini al Porto di Civitavecchia: l&#8217;inizio della tua crociera da sogno &nbsp; L&#8217;emozione...\t\t\t\t\t<\/p>\n\t\t\t\t\t                    \n\t\t\t\t\t\n\t\t\t\t\t\n\t\t\t\t\t<\/div>\n\t\t\t\t\t<\/div>\n\t\t\t\t\t\t\t\t\t<\/div>\n\t\t\t<\/div>\n\t\t<\/div><div class=\"col post-item\" >\n\t\t\t<div class=\"col-inner\">\n\t\t\t\t<div class=\"box box-default box-text-bottom box-blog-post has-hover\">\n            \t\t\t\t\t<div class=\"box-image\" >\n  \t\t\t\t\t\t<div class=\"image-cover\" style=\"padding-top:56.25%;\">\n\t\t\t\t\t\t\t<a href=\"https:\/\/limousineuara.com\/it\/da-aeroporto-di-ciampino-al-porto-di-civitavecchia\/\" class=\"plain\" aria-label=\"Da Aeroporto di Ciampino al Porto di Civitavecchia\">\n\t\t\t\t\t\t\t\t<img loading=\"lazy\" decoding=\"async\" width=\"1200\" height=\"655\" src=\"https:\/\/limousineuara.com\/wp-content\/uploads\/aeroporto-ciampino-servizio-ncc-mercedes-79.webp\" class=\"attachment-original size-original wp-post-image\" alt=\"Da Aeroporto di Ciampino al Porto di Civitavecchia\" srcset=\"https:\/\/limousineuara.com\/wp-content\/uploads\/aeroporto-ciampino-servizio-ncc-mercedes-79.webp 1200w, https:\/\/limousineuara.com\/wp-content\/uploads\/aeroporto-ciampino-servizio-ncc-mercedes-79-300x164.webp 300w, https:\/\/limousineuara.com\/wp-content\/uploads\/aeroporto-ciampino-servizio-ncc-mercedes-79-1024x559.webp 1024w, https:\/\/limousineuara.com\/wp-content\/uploads\/aeroporto-ciampino-servizio-ncc-mercedes-79-768x419.webp 768w\" sizes=\"auto, (max-width: 1200px) 100vw, 1200px\" title=\"\">\t\t\t\t\t\t\t<\/a>\n  \t\t\t\t\t\t\t  \t\t\t\t\t\t\t  \t\t\t\t\t\t<\/div>\n  \t\t\t\t\t\t  \t\t\t\t\t<\/div>\n          \t\t\t\t\t<div class=\"box-text text-center\" >\n\t\t\t\t\t<div class=\"box-text-inner blog-post-inner\">\n\n\t\t\t\t\t\n\t\t\t\t\t\t\t\t\t\t<h5 class=\"post-title is-larger \">\n\t\t\t\t\t\t<a href=\"https:\/\/limousineuara.com\/it\/da-aeroporto-di-ciampino-al-porto-di-civitavecchia\/\" class=\"plain\">Da Aeroporto di Ciampino al Porto di Civitavecchia<\/a>\n\t\t\t\t\t<\/h5>\n\t\t\t\t\t\t\t\t\t\t<div class=\"is-divider\"><\/div>\n\t\t\t\t\t\t\t\t\t\t<p class=\"from_the_blog_excerpt \">\n\t\t\t\t\t\tDa Aeroporto di Ciampino al Porto di Civitavecchia: Inizia la Tua Crociera a 5 Stelle...\t\t\t\t\t<\/p>\n\t\t\t\t\t                    \n\t\t\t\t\t\n\t\t\t\t\t\n\t\t\t\t\t<\/div>\n\t\t\t\t\t<\/div>\n\t\t\t\t\t\t\t\t\t<\/div>\n\t\t\t<\/div>\n\t\t<\/div><\/div>\t\t<div class=\"ux-relay__control ux-relay__control--bottom container pb-half text-center\">\n\t\t\t<ul class=\"ux-relay__pagination page-numbers nav-pagination links\"><li><span aria-current=\"page\" class=\"page-number current\">1<\/span><\/li><li><a class=\"page-number\" href=\"#\/page\/2\">2<\/a><\/li><li><a class=\"page-number\" href=\"#\/page\/3\">3<\/a><\/li><li><a class=\"page-number\" href=\"#\/page\/4\">4<\/a><\/li><li><span class=\"page-number dots\">&hellip;<\/span><\/li><li><a class=\"page-number\" href=\"#\/page\/46\">46<\/a><\/li><li><a aria-label=\"Successivo\" class=\"next page-number\" href=\"#\/page\/2\"><i class=\"icon-angle-right\" aria-hidden=\"true\"><\/i><\/a><\/li><\/ul>\t\t<\/div>\n\t\t\t\t<\/div>\n\t\t\n\n  <div class=\"banner has-hover\" id=\"banner-1661674427\">\n          <div class=\"banner-inner fill\">\n        <div class=\"banner-bg fill\" >\n            <img loading=\"lazy\" decoding=\"async\" width=\"1920\" height=\"1080\" src=\"https:\/\/limousineuara.com\/wp-content\/uploads\/CTA-Booking-ITA-1.jpg\" class=\"bg attachment-original size-original\" alt=\"\" title=\"\">                        <div class=\"overlay\"><\/div>            \n                    <\/div>\n\t\t\n        <div class=\"banner-layers container\">\n            <div class=\"fill banner-link\"><\/div>            \n\n   <div id=\"text-box-533859345\" class=\"text-box banner-layer x50 md-x50 lg-x50 y85 md-y50 lg-y50 res-text\">\n                     <div data-animate=\"fadeInRight\">           <div class=\"text-box-content text dark\">\n              \n              <div class=\"text-inner text-center\">\n                  \n\n\t<div id=\"text-4108048940\" class=\"text\">\n\t\t\n\n<p>Viaggia con stile ed eleganza,<br \/>prenota con Limousine UARA<\/p>\n\t\t\n<style>\n#text-4108048940 {\n  font-size: 1.2rem;\n}\n@media (min-width:550px) {\n  #text-4108048940 {\n    font-size: 1.5rem;\n  }\n}\n@media (min-width:850px) {\n  #text-4108048940 {\n    font-size: 1.75rem;\n  }\n}\n<\/style>\n\t<\/div>\n\t\n<a href=\"https:\/\/limousineuara.com\/it\/booking\/\" class=\"button primary is-large\" style=\"border-radius:10px;\">\n\t\t<span>Prenota ora<\/span>\n\t<\/a>\n\n\n\n              <\/div>\n           <\/div>\n       <\/div>                     \n<style>\n#text-box-533859345 {\n  width: 89%;\n}\n#text-box-533859345 .text-box-content {\n  font-size: 158%;\n}\n@media (min-width:550px) {\n  #text-box-533859345 {\n    width: 71%;\n  }\n  #text-box-533859345 .text-box-content {\n    font-size: 100%;\n  }\n}\n@media (min-width:850px) {\n  #text-box-533859345 {\n    width: 62%;\n  }\n}\n<\/style>\n    <\/div>\n \n\n        <\/div>\n      <\/div>\n\n            \n<style>\n#banner-1661674427 {\n  padding-top: 310px;\n}\n#banner-1661674427 .overlay {\n  background-color: rgba(0,0,0,.5);\n}\n#banner-1661674427 .banner-bg img {\n  object-position: 69% 55%;\n}\n@media (min-width:550px) {\n  #banner-1661674427 {\n    padding-top: 350px;\n  }\n}\n@media (min-width:850px) {\n  #banner-1661674427 {\n    padding-top: 400px;\n  }\n}\n<\/style>\n  <\/div>\n\n\n","protected":false},"excerpt":{"rendered":"","protected":false},"author":13,"featured_media":0,"parent":0,"menu_order":0,"comment_status":"closed","ping_status":"closed","template":"page-blank.php","meta":{"inline_featured_image":false,"footnotes":""},"class_list":["post-3281","page","type-page","status-publish","hentry"],"_links":{"self":[{"href":"https:\/\/limousineuara.com\/it\/wp-json\/wp\/v2\/pages\/3281","targetHints":{"allow":["GET"]}}],"collection":[{"href":"https:\/\/limousineuara.com\/it\/wp-json\/wp\/v2\/pages"}],"about":[{"href":"https:\/\/limousineuara.com\/it\/wp-json\/wp\/v2\/types\/page"}],"author":[{"embeddable":true,"href":"https:\/\/limousineuara.com\/it\/wp-json\/wp\/v2\/users\/13"}],"replies":[{"embeddable":true,"href":"https:\/\/limousineuara.com\/it\/wp-json\/wp\/v2\/comments?post=3281"}],"version-history":[{"count":8,"href":"https:\/\/limousineuara.com\/it\/wp-json\/wp\/v2\/pages\/3281\/revisions"}],"predecessor-version":[{"id":3415,"href":"https:\/\/limousineuara.com\/it\/wp-json\/wp\/v2\/pages\/3281\/revisions\/3415"}],"wp:attachment":[{"href":"https:\/\/limousineuara.com\/it\/wp-json\/wp\/v2\/media?parent=3281"}],"curies":[{"name":"wp","href":"https:\/\/api.w.org\/{rel}","templated":true}]}}