{"id":3,"date":"2020-12-07T10:30:01","date_gmt":"2020-12-07T10:30:01","guid":{"rendered":"https:\/\/tsts.it\/?page_id=3"},"modified":"2025-02-28T18:05:55","modified_gmt":"2025-02-28T17:05:55","slug":"privacy-policy","status":"publish","type":"page","link":"https:\/\/limousineuara.com\/it\/privacy-policy\/","title":{"rendered":"Privacy Policy"},"content":{"rendered":"  <div id=\"page-header-1816088232\" class=\"page-header-wrapper\">\n  <div class=\"page-title dark featured-title\">\n\n    \n    <div class=\"page-title-inner container align-center flex-row medium-flex-wrap\" >\n              <div class=\"title-wrapper flex-col text-left medium-text-center\">\n          <h1 class=\"entry-title mb-0\">\n            Privacy Policy          <\/h1>\n        <\/div>\n                    <div class=\"title-content flex-col flex-right text-right medium-text-center\">\n        <div class=\"title-breadcrumbs pb-half pt-half\"><\/div>      <\/div>\n    <\/div>\n\n     \n<style>\n#page-header-1816088232 {\n  margin-bottom: 30px;\n}\n<\/style>\n  <\/div>\n    <\/div>\n  \n<div class=\"row\"  id=\"row-769810965\">\n\n\t<div id=\"col-785825273\" class=\"col small-12 large-12\"  >\n\t\t\t\t<div class=\"col-inner\"  >\n\t\t\t\n\t\t\t\n<p style=\"text-align: center;\"><strong>PRIVACY POLICY INFORMATIVA IN MATERIA DI PROTEZIONE DEI DATI PERSONALI<\/strong><\/p>\n<p>In ottemperanza degli obblighi derivanti dalla normativa nazionale (Codice in materia di protezione dei dati personali coordinato ed aggiornato, da ultimo, con le modifiche apportate dalla L. 27 dicembre 2019, n. 160, dal D.L. 14 giugno 2019, n. 53, dal D.M. 15 marzo 2019 e dal Decreto Legislativo 10 agosto 2018, n. 101) e europea (<a href=\"https:\/\/www.garanteprivacy.it\/regolamentoue\/guida-all-applicazione-del-regolamento-europeo-in-materia-di-protezione-dei-dati-personali\" target=\"_blank\" rel=\"nofollow noopener\">Regolamento generale per la protezione dei dati personali 2016\/679<\/a>), desideriamo informarLa che i dati personali da Lei gi\u00e0 forniti ed acquisiti e che da Lei saranno forniti in futuro in qualit\u00e0 di \u201cinteressato\u201d formeranno oggetto di trattamento nel rispetto della normativa sopra richiamata e degli obblighi di riservatezza cui \u00e8 tenuta la Societ\u00e0 Cooperativa U.A.R.A. &#8211; Unione Autonoleggiatori Romani Autorizzati.<\/p>\n<p><strong>Titolare del trattamento e Responsabile della protezione dei dati<\/strong><\/p>\n<p>Il Titolare del trattamento e il responsabile della protezione dei dati \u00e8:<br \/>Societ\u00e0 Cooperativa U.A.R.A. &#8211; Unione Autonoleggiatori Romani Autorizzati<br \/>Sede Legale: Via della Stazione di S. Pietro, 65 &#8211; 00165 Roma<br \/>P.IVA\u00a0 01272541002 &#8211;\u00a0 C.F. 03992920581<br \/>E-mail: <a href=\"mailto:info@limousineuara.com\">info@limousineuara.com<\/a> &#8211; Telefono: <a class=\"footer-ufficio\" href=\"tel:+39066792320\">+39 06.67.92.320<\/a><\/p>\n<p><strong>Finalit\u00e0 del trattamento<\/strong><\/p>\n<p>I dati personali da Lei forniti sono necessari per:<\/p>\n<ol>\n<li style=\"list-style-type: none;\">\n<ol>\n<li aria-level=\"1\">Invio informative sui servizi commercializzati dal titolare del trattamento<\/li>\n<li aria-level=\"1\">Invio offerte commerciali di servizi distribuiti dal titolare del trattamento<\/li>\n<li aria-level=\"1\">Gestione dati amministrativi contrattuali o precontrattuali<\/li>\n<\/ol>\n<\/li>\n<\/ol>\n<p style=\"padding-left: 40px;\">Sono raccolti e trattati elettronicamente e\/o meccanicamente con lo scopo di:<\/p>\n<ol>\n<li style=\"list-style-type: none;\">\n<ol>\n<li aria-level=\"2\">Attivare e mantenere nei confronti del Cliente le procedure per l\u2019esecuzione di quanto richiesto;<\/li>\n<li aria-level=\"2\">Creare e conservare un privato archivio clienti;<\/li>\n<li aria-level=\"2\">Creare e conservare un pubblico archivio lavori (che potr\u00e0 mostrare: immagini delle opere, ragione sociale del Cliente, indirizzo web del Cliente);<\/li>\n<li aria-level=\"2\">Attivit\u00e0 di profilazione per l&#8217;invio di comunicazioni personalizzate o per offrire prodotti o servizi rispondenti alle abitudini di consumo dell\u2019utente<\/li>\n<\/ol>\n<\/li>\n<\/ol>\n<p>Se non forniti non permetteranno l&#8217;espletamento di quanto richiesto;<br \/>Sono trattati dal Fornitore stesso o da suoi incaricati al solo scopo di garantire l&#8217;espletamento dei servizi pattuiti;<br \/>Potranno essere comunicati, onde garantire l\u2019esecuzione del contratto, a soggetti terzi, ma non saranno oggetto di vendita o scambio.<\/p>\n<p><strong>Base giuridica del trattamento<\/strong><\/p>\n<p>Societ\u00e0 Cooperativa U.A.R.A. &#8211; Unione Autonoleggiatori Romani Autorizzati tratta i Suoi dati personali lecitamente, laddove il trattamento:<\/p>\n<ul>\n<li style=\"list-style-type: none;\">\n<ul>\n<li aria-level=\"1\">sia necessario all\u2019esecuzione del mandato, di un contratto di cui Lei \u00e8 parte o all\u2019esecuzione di misure precontrattuali adottate su richiesta;<\/li>\n<li aria-level=\"1\">sia necessario per adempiere un obbligo legale incombente sul Titolare<\/li>\n<li aria-level=\"1\">sia basato sul consenso espresso per invio di una newsletter, attivit\u00e0 di profilazione per l&#8217;invio di comunicazioni personalizzate o per offrire prodotti o servizi rispondenti alle abitudini di consumo dell\u2019utente<\/li>\n<\/ul>\n<\/li>\n<\/ul>\n<p><strong>Modalit\u00e0 di trattamento e conservazione<\/strong><\/p>\n<p>Il trattamento sar\u00e0 svolto in forma automatizzata e\/o manuale, nel rispetto di quanto previsto dall\u2019art. 32 del GDPR 2016\/679 in materia di misure di sicurezza, ad opera di soggetti appositamente incaricati e in ottemperanza a quanto previsto dagli art. 29 GDPR 2016\/ 679. Non \u00e8 prevista l&#8217;esistenza di un processo decisionale automatizzato, compresa la profilazione interamente automatizzata di cui all&#8217;art. 22 paragrafi 1 e 4 del Regolamento UE 2016\/679.<\/p>\n<p>Le segnaliamo che, nel rispetto dei principi di liceit\u00e0, limitazione delle finalit\u00e0 e minimizzazione dei dati, ai sensi dell\u2019art. 5 GDPR 2016\/679, previo il Suo consenso libero ed esplicito espresso in calce alla presente informativa, i Suoi dati personali saranno conservati per il periodo di tempo necessario per il conseguimento delle finalit\u00e0 per le quali sono raccolti e trattati, e comunque non oltre i termini stabiliti dalle normative fiscali, normative del lavoro e previdenziali e dal codice civile in materia e per ulteriori dieci anni.<\/p>\n<p><strong>Ambito di comunicazione e diffusione<\/strong><\/p>\n<p>Informiamo inoltre che i dati raccolti non saranno mai diffusi e non saranno oggetto di comunicazione senza Suo esplicito consenso, salvo le comunicazioni necessarie che possano comportare il trasferimento di dati ad enti pubblici, a consulenti espressamente nominati ed incaricati dal Titolare o ad altri soggetti per l\u2019adempimento degli obblighi contrattuali e di legge.<\/p>\n<p>I dati personali potranno essere diffusi a soggetti terzi quali ad esempio:\u00a0<\/p>\n<ul>\n<li style=\"list-style-type: none;\">\n<ul>\n<li aria-level=\"1\">Facebook\u00a0e Instagram (Meta Platforms, Inc.)<\/li>\n<li aria-level=\"1\">WhatsApp Web e WhatsApp Business (WhatsApp, LLC)<\/li>\n<li aria-level=\"1\">X<\/li>\n<li aria-level=\"1\">Google Ireland Limited: (tra cui: Google Analytics, Google Drive, Google Maps, YouTube, Android, Google Search, Google Ads, Google My Business, Google Calendar, Google Foto, Google Image Search, Google Chrome, Gmail, Google Traduttore, ReCaptcha, Chrome OS, ecc.)\u00a0<\/li>\n<li aria-level=\"1\">Google Fonts: Per quanto attiene il servizio di Google Fonts si precisa che il presente sito garantisce il suo utilizzo in locale, scaricando i font dalla libreria di Google Fonts nel server del sito, cos\u00ec da evitare la lettura e raccolta dei suoi dati personali da parte di Google.<\/li>\n<li aria-level=\"1\">123formbuilder (123 Formbuilder S.r.l)<\/li>\n<li aria-level=\"1\">Aruba Business s.r.l.\u00a0<\/li>\n<li aria-level=\"1\">G.A.S.P.<\/li>\n<li aria-level=\"1\">Fatturazione Elettronica Aruba\u00a0<\/li>\n<li aria-level=\"1\">Hosting per te (Armada di Mascio Fabio)<\/li>\n<li>Hotjar<\/li>\n<\/ul>\n<\/li>\n<\/ul>\n<p>In tal caso l&#8217;utilizzo da parte dei terzi avverr\u00e0 nel completo rispetto del principio della correttezza e delle disposizioni di legge. Per quanto concerne le Sue immagini (foto o riprese audio-video), potranno essere trattate sul sito Google Image Search o altri motori di ricerca.<\/p>\n<p><strong>Erronea o mancata comunicazione<\/strong><\/p>\n<p>Il titolare del trattamento rende noto che l&#8217;eventuale mancata comunicazione, o comunicazione errata, di una delle informazioni obbligatorie, ha come conseguenze emergenti l&#8217;impossibilit\u00e0 degli stessi di garantire la congruit\u00e0 del trattamento stesso ai patti contrattuali per cui esso sia eseguito. Con riguardo ai dati personali relativi all&#8217;esecuzione del contratto di cui Lei \u00e8 parte o relativi all&#8217;adempimento ad un obbligo normativo (ad esempio gli adempimenti legati alla tenuta delle scritture contabili e fiscali), la mancata comunicazione dei dati personali impedisce il perfezionarsi del rapporto contrattuale stesso.<\/p>\n<p><strong>Trasferimento dei dati personali<\/strong><\/p>\n<p>Societ\u00e0 Cooperativa U.A.R.A. &#8211; Unione Autonoleggiatori Romani Autorizzati potrebbe trasferire i suoi dati personali a terze parti ubicate in Stati non appartenenti all&#8217;Unione Europea ovvero allo Spazio Economico Europeo.<\/p>\n<p>In tale circostanza, tali terze parti saranno nominate Responsabili del trattamento ai sensi e per gli effetti di cui all\u2019articolo 28 del GDPR e il trasferimento dei suoi dati personali a tali soggetti, limitatamente allo svolgimento di specifiche attivit\u00e0 di trattamento, sar\u00e0 regolato in conformit\u00e0 a quanto previsto dal capo V del GDPR. Saranno quindi adottate tutte le cautele necessarie al fine di garantire adeguata protezione dei suoi dati personali basando tale trasferimento: (a) su decisioni di adeguatezza dei paesi terzi destinatari espresse dalla Commissione Europea; (b) su garanzie adeguate espresse dal soggetto terzo destinatario ai sensi dell\u2019articolo 46 del GDPR; (c) sull\u2019adozione di norme vincolanti d\u2019impresa, c.d.\u00a0corporate binding rules. Gli utenti possono richiedere informazioni in merito a tali garanzie inoltrando richiesta a\u00a0<a href=\"mailto:info@limousineuara.com\">info@limousineuara.com<\/a>.<br \/>A seguito della pronuncia della Corte di Giustizia dell\u2019Unione Europea del 16 luglio 2020 nella causa C311\/18, con riferimento ai paesi terzi che non sono destinatari di una delle decisioni di adeguatezza da parte della Commissione Europea, Societ\u00e0 Cooperativa U.A.R.A. &#8211; Unione Autonoleggiatori Romani Autorizzati effettua valutazioni specifiche in merito alle garanzie supplementari da adottare, al fine di prevenire interferenze da parte di autorit\u00e0 pubbliche locali che possano pregiudicare il livello di essenziale equivalenza di protezione dei dati ivi trasferiti, rispetto al livello goduto in base al diritto europeo.<\/p>\n<p><strong>Categorie particolari di dati personali<\/strong><\/p>\n<p>Ai sensi degli articoli 9 e 10 del Regolamento UE n. 2016\/679, Lei potrebbe conferire, al titolare del trattamento, dati qualificabili come \u201ccategorie particolari di dati personali\u201d e cio\u00e8 quei dati che rivelano \u201cl&#8217;origine razziale o etnica, le opinioni politiche, le convinzioni religiose o filosofiche, o l&#8217;appartenenza sindacale, nonch\u00e9 dati genetici, dati biometrici intesi a identificare in modo univoco una persona fisica, dati relativi alla salute o alla vita sessuale o all\u2019orientamento sessuale della persona\u201d. Tali categorie di dati potranno essere trattate solo previo Suo libero ed esplicito consenso, manifestato in forma scritta in calce alla presente informativa.<\/p>\n<p><strong>Esistenza di un processo decisionale automatizzato, compresa la profilazione<\/strong><\/p>\n<p>Il titolare del trattamento non adotta alcun processo decisionale automatizzato, compresa la profilazione, di cui all\u2019articolo 22, paragrafi 1 e 4, del Regolamento UE n. 679\/2016.<\/p>\n<p><strong>Redirect verso siti esterni<\/strong><\/p>\n<p>Il sito web pu\u00f2 utilizzare i c.d. social plug-in. I social plug-in sono speciali strumenti che permettono di incorporare le funzionalit\u00e0 del social network direttamente all&#8217;interno del sito web (ad es. la funzione &#8220;mi piace&#8221; di Facebook).<br \/>Tutti i social plug-in presenti nel sito sono contrassegnati dal rispettivo logo di propriet\u00e0 della piattaforma di social network (ad es. Facebook, Google, Twitter, Linkedin, Instagram, WhatsApp).<\/p>\n<p>Quando si visita una pagina del nostro sito e si interagisce con il plug-in (ad es. cliccando il pulsante &#8220;Mi piace&#8221;) o si decide di lasciare un commento, le corrispondenti informazioni vengono trasmesse dal browser direttamente alla piattaforma di social network e da questo memorizzate.<\/p>\n<p>Per informazioni sulle finalit\u00e0, il tipo e le modalit\u00e0 di raccolta, elaborazione, utilizzo e conservazione dei dati personali da parte della piattaforma di social network, nonch\u00e9 per le modalit\u00e0 attraverso cui esercitare i propri diritti, si prega di consultare la politica privacy adottata dal singolo social network.<\/p>\n<p><strong>Cookie policy<\/strong><\/p>\n<p>Il presente sito web utilizza cookie tecnici per garantire il corretto funzionamento delle procedure e migliorare l&#8217;esperienza di uso delle applicazioni online. I cookie tecnici che non richiedono consenso. \u00c9 invece richiesto il Suo consenso per i cookie di c.d. di profilazione, per i quali pu\u00f2 scegliere di modificare o revocare in tutto o in parte il consenso prestato. Per una completa informativa sull\u2019utilizzo dei cookie e su come gestirli la invitiamo a <a href=\"https:\/\/limousineuara.com\/it\/cookie-policy\/\"><strong>cliccare qui<\/strong><\/a><\/p>\n<p><strong>Diritti dell\u2019interessato di cui agli artt. 15, 16, 17 18, 20, 21 e 22 del REG. UE 2016\/679<\/strong><\/p>\n<p>La informiamo che in qualit\u00e0 di interessato, oltre al diritto di proporre reclamo ad un&#8217;Autorit\u00e0 di controllo, ha anche i diritti di seguito elencati, che potr\u00e0 far valere rivolgendo apposita richiesta scritta ai Titolari del trattamento.\u00a0<\/p>\n<p>Art. 15-Diritto di accesso<br \/>\u00a0L&#8217;interessato ha il diritto di ottenere dai titolari del trattamento la conferma che sia o meno in corso un trattamento di dati personali che lo riguardano e in tal caso, di ottenere l&#8217;accesso ai dati personali e alle informazioni riguardanti il trattamento. Art. 16 &#8211; Diritto di rettifica\u00a0<\/p>\n<p>L&#8217;interessato ha il diritto di ottenere dai titolari del trattamento la rettifica dei dati personali inesatti che lo riguardano senza ingiustificato ritardo. Tenuto conto delle finalit\u00e0 del trattamento, l&#8217;interessato ha il diritto di ottenere l&#8217;integrazione dei dati personali incompleti, anche fornendo una dichiarazione integrativa.\u00a0<\/p>\n<p>Art. 17 &#8211; Diritto alla cancellazione (diritto all&#8217;oblio)\u00a0<br \/>L&#8217;interessato ha il diritto di ottenere dai titolari del trattamento la cancellazione dei dati personali che lo riguardano senza ingiustificato ritardo e i titolari del trattamento hanno l&#8217;obbligo di cancellare senza ingiustificato ritardo i dati personali.\u00a0<\/p>\n<p>Art. 18 &#8211; Diritto di limitazione del trattamento\u00a0<br \/>L&#8217;interessato ha il diritto di ottenere dai titolari del trattamento la limitazione del trattamento quando ricorre una delle seguenti ipotesi: a) l&#8217;interessato contesta l&#8217;esattezza dei dati personali, per il periodo necessario ai titolari del trattamento per verificare l&#8217;esattezza di tali dati personali; b) il trattamento \u00e8 illecito e l&#8217;interessato si oppone alla cancellazione dei dati personali e chiede invece che ne sia limitato l&#8217;utilizzo; c) bench\u00e9 i titolare dei trattamento non ne abbiano pi\u00f9 bisogno ai fini del trattamento, i dati personali sono necessari all&#8217;interessato per l&#8217;accertamento, l&#8217;esercizio o la difesa di un diritto in sede giudiziaria; d) l&#8217;interessato si \u00e8 opposto al trattamento ai sensi dell&#8217;articolo 21, paragrafo 1, in attesa della verifica in merito all&#8217;eventuale prevalenza dei motivi legittimi del titolare del trattamento rispetto a quelli dell&#8217;interessato.\u00a0<\/p>\n<p>Art. 20 &#8211; Diritto alla portabilit\u00e0 dei dati<br \/>L&#8217;interessato ha il diritto di ricevere in un formato strutturato, di uso comune e leggibile da dispositivo automatico i dati personali che lo riguardano forniti a un titolare del trattamento e ha il diritto di trasmettere tali dati a un altro titolare del trattamento senza impedimenti da parte del titolare del trattamento cui li ha forniti. Nell&#8217;esercitare i propri diritti relativamente alla portabilit\u00e0 dei dati a norma del paragrafo 1, l&#8217;interessato ha il diritto di ottenere la trasmissione diretta dei dati personali da un titolare del trattamento all&#8217;altro, se tecnicamente fattibile.\u00a0<\/p>\n<p>Art. 21 &#8211; Diritto di opposizione\u00a0<br \/>L&#8217;interessato ha il diritto di opporsi in qualsiasi momento, per motivi connessi alla sua situazione particolare, al trattamento dei dati personali che lo riguardano ai sensi dell&#8217;articolo 6, paragrafo 1, lettere e) o f), compresa la profilazione sulla base di tali disposizioni.\u00a0<\/p>\n<p>Art. 22 &#8211; Diritto di non essere sottoposto a processo decisionale automatizzato, compresa la profilazione\u00a0<br \/>L&#8217;interessato ha il diritto di non essere sottoposto a una decisione basata unicamente sul trattamento automatizzato, compresa la profilazione, che produca effetti giuridici che lo riguardano o che incida in modo analogo significativamente sulla sua persona. Per esercitare i diritti previsti dagli artt. 15 e seguenti del Regolamento 2016\/679 dovr\u00e0 scrivere a <a href=\"mailto:info@limousineuara.com\">info@limousineuara.com<\/a> all&#8217;attenzione del Titolare del trattamento dei dati personali.<\/p>\n<p>Pu\u00f2 esercitare i Suoi diritti con richiesta scritta inviata a Societ\u00e0 Cooperativa U.A.R.A. &#8211; Unione Autonoleggiatori Romani Autorizzati all&#8217;indirizzo postale della sede legale o all\u2019indirizzo mail <a href=\"mailto:info@limousineuara.com\">info@limousineuara.com<\/a><\/p>\n<p><strong>Diritto di presentare reclamo (Art. 13.2.d Regolamento 679\/2016\/UE)<\/strong><\/p>\n<p>Si rende noto all&#8217;interessato che ha il diritto di proporre reclamo ad una autorit\u00e0 di controllo (in particolar modo all&#8217;Autorit\u00e0<\/p>\n<p>Garante per la protezione dei dati personali italiana www.garanteprivacy.it).<\/p>\n<p><strong>Modifiche all&#8217;informativa<\/strong><\/p>\n<p>L&#8217;eventuale entrata in vigore di nuove normative di settore, come anche il costante esame ed aggiornamento dei servizi all&#8217;utente, potrebbe comportare la necessit\u00e0 di modificare le modalit\u00e0 e i termini descritti nella presente Informativa. \u00c8 pertanto possibile che tale documento subisca modifiche nel tempo. La invitiamo, pertanto, a consultare periodicamente questa pagina. Pubblicheremo eventuali modifiche alla presente Informativa in questa pagina e, qualora le modifiche fossero rilevanti, provvederemo a segnalargliele con una notifica pi\u00f9 visibile.<\/p>\n<p style=\"text-align: center;\">Il sottoscritto essendo stato\/a informato\/a:<\/p>\n<p style=\"text-align: center;\">&#8211; dell\u2019identit\u00e0 del titolare del trattamento dei dati<br \/>&#8211; dell\u2019identit\u00e0 del Responsabile della protezione dei dati<br \/>&#8211; della misura, modalit\u00e0 con le quali il trattamento avviene<br \/>&#8211; delle finalit\u00e0 del trattamento cui sono destinati i dati personali<\/p>\n<p style=\"text-align: center;\">\u25fb esprimo il consenso \u25fb NON esprimo il consenso<\/p>\n<p>ai sensi e per gli effetti dell\u2019art. 7 e ss. del Regolamento (UE) 2016\/679 al trattamento dei dati personali secondo le modalit\u00e0 e nei limiti di cui all\u2019informativa allegata ivi inclusi quelli considerati come categorie particolari di dati.<\/p>\n\t\t<\/div>\n\t\t\t\t\t<\/div>\n\n\t\n<\/div>\n","protected":false},"excerpt":{"rendered":"","protected":false},"author":1,"featured_media":0,"parent":0,"menu_order":0,"comment_status":"closed","ping_status":"closed","template":"page-blank.php","meta":{"inline_featured_image":false,"footnotes":""},"class_list":["post-3","page","type-page","status-publish","hentry"],"_links":{"self":[{"href":"https:\/\/limousineuara.com\/it\/wp-json\/wp\/v2\/pages\/3","targetHints":{"allow":["GET"]}}],"collection":[{"href":"https:\/\/limousineuara.com\/it\/wp-json\/wp\/v2\/pages"}],"about":[{"href":"https:\/\/limousineuara.com\/it\/wp-json\/wp\/v2\/types\/page"}],"author":[{"embeddable":true,"href":"https:\/\/limousineuara.com\/it\/wp-json\/wp\/v2\/users\/1"}],"replies":[{"embeddable":true,"href":"https:\/\/limousineuara.com\/it\/wp-json\/wp\/v2\/comments?post=3"}],"version-history":[{"count":20,"href":"https:\/\/limousineuara.com\/it\/wp-json\/wp\/v2\/pages\/3\/revisions"}],"predecessor-version":[{"id":3080,"href":"https:\/\/limousineuara.com\/it\/wp-json\/wp\/v2\/pages\/3\/revisions\/3080"}],"wp:attachment":[{"href":"https:\/\/limousineuara.com\/it\/wp-json\/wp\/v2\/media?parent=3"}],"curies":[{"name":"wp","href":"https:\/\/api.w.org\/{rel}","templated":true}]}}